{"id":1884,"date":"2023-02-08T23:12:19","date_gmt":"2023-02-08T22:12:19","guid":{"rendered":"https:\/\/yourtrubody.com\/?page_id=1884"},"modified":"2023-06-06T23:02:58","modified_gmt":"2023-06-06T22:02:58","slug":"temoignages","status":"publish","type":"page","link":"https:\/\/yourtrubody.com\/fr-fr\/professionals\/temoignages\/","title":{"rendered":"T\u00e9moignages"},"content":{"rendered":"\n<div class=\"wp-block-create-block-hero-cover\"><div class=\"hero-cover wrapper alignwide\">\n<div class=\"wp-block-cover\"><span aria-hidden=\"true\" class=\"wp-block-cover__background has-transparent-background-color has-background-dim\"><\/span><img decoding=\"async\" loading=\"lazy\" width=\"2494\" height=\"1440\" class=\"wp-block-cover__image-background wp-image-2119\" alt=\"\" src=\"https:\/\/yourtrubody.com\/fr-fr\/wp-content\/uploads\/sites\/12\/2023\/02\/hcp_testimonials_hero.jpg\" data-object-fit=\"cover\" srcset=\"https:\/\/yourtrubody.com\/fr-fr\/wp-content\/uploads\/sites\/12\/2023\/02\/hcp_testimonials_hero.jpg 2494w, https:\/\/yourtrubody.com\/fr-fr\/wp-content\/uploads\/sites\/12\/2023\/02\/hcp_testimonials_hero-300x173.jpg 300w, https:\/\/yourtrubody.com\/fr-fr\/wp-content\/uploads\/sites\/12\/2023\/02\/hcp_testimonials_hero-1024x591.jpg 1024w, https:\/\/yourtrubody.com\/fr-fr\/wp-content\/uploads\/sites\/12\/2023\/02\/hcp_testimonials_hero-768x443.jpg 768w, https:\/\/yourtrubody.com\/fr-fr\/wp-content\/uploads\/sites\/12\/2023\/02\/hcp_testimonials_hero-1536x887.jpg 1536w, https:\/\/yourtrubody.com\/fr-fr\/wp-content\/uploads\/sites\/12\/2023\/02\/hcp_testimonials_hero-2048x1182.jpg 2048w\" sizes=\"(max-width: 2494px) 100vw, 2494px\" \/><div class=\"wp-block-cover__inner-container is-layout-flow wp-block-cover-is-layout-flow\">\n<p class=\"has-text-align-center has-large-font-size\">Mannequin, patient fictif.<\/p>\n<\/div><\/div>\n\n\n\n<div class=\"wp-block-create-block-hero-text\"><div class=\"hero-text gradient-bg py-4 wrapper undefined\">\n<h1 class=\"wp-block-heading\">D\u00e9couvrez pourquoi d\u2019autres professionnels sont plus que satisfaits de truBody<\/h1>\n<\/div><\/div>\n<\/div><\/div>\n\n\n\n<div style=\"height:50px\" aria-hidden=\"true\" class=\"wp-block-spacer d-block d-md-none\"><\/div>\n\n\n\n<div style=\"height:60px\" aria-hidden=\"true\" class=\"wp-block-spacer d-none d-md-block\"><\/div>\n\n\n\n<div class=\"wp-block-create-block-short-heading alignwide is-style-small-width-heading\"><div class=\"wrapping-columns\">\n<div class=\"wp-block-columns is-layout-flex wp-container-3 wp-block-columns-is-layout-flex\">\n<div class=\"wp-block-column is-layout-flow wp-block-column-is-layout-flow\">\n<h4 class=\"wp-block-heading has-text-align-center has-trubody-purple-color has-text-color\">Deux technologies transformationnelles pour votre cabinet. Une solution compl\u00e8te de modelage de la silhouette pour vos patients.<\/h4>\n<\/div>\n<\/div>\n<\/div><\/div>\n\n\n\n<div class=\"px-0 px-md-5 m-4 mx-md-3\">\n    <section class=\"slider-testimonials\">\n                    <div id=\"tns_69feb9e218b99\" class=\"tiny-slider\">\n                                    <div class=\"slide\">\n                        <div class=\"slide-content has-image\">\n                                                            <div class=\"tns-image-hldr\">\n                                    <div class=\"bg-cover\" style=\"background-image: url('https:\/\/yourtrubody.com\/fr-fr\/wp-content\/uploads\/sites\/12\/2023\/02\/Arash-Moradzadeh.jpg');\"><\/div>\n                                <\/div>\n                            \n                            <div class=\"tns-quote-hldr\">\n                                <blockquote class=\"tns-quote\">La combinaison simultan\u00e9e de la perte de graisse corporelle et de la tonification musculaire constitue le traitement esth\u00e9tique de modelage de la silhouette le plus en vogue et le plus demand\u00e9 dans mon cabinet. <\/blockquote>\n                                                                    <p class=\"tns-source\">\n                                        ARASH MORADZADEH, MD                                    <\/p>\n                                                            <\/div>\n                        <\/div>                        \n                    <\/div>\n                                    <div class=\"slide\">\n                        <div class=\"slide-content has-image\">\n                                                            <div class=\"tns-image-hldr\">\n                                    <div class=\"bg-cover\" style=\"background-image: url('https:\/\/yourtrubody.com\/fr-fr\/wp-content\/uploads\/sites\/12\/2023\/02\/Anne-Chapas-MD.jpg');\"><\/div>\n                                <\/div>\n                            \n                            <div class=\"tns-quote-hldr\">\n                                <blockquote class=\"tns-quote\">truSculpt est un compl\u00e9ment id\u00e9al pour mon cabinet et pour les solutions de modelage de la silhouette que je propose. Mes patients sont ravis de la rapidit\u00e9 et de la convivialit\u00e9 de ces traitements. Gr\u00e2ce \u00e0 des s\u00e9ances de 15 minutes seulement, nous pouvons traiter un plus grand nombre de patient et de zones.<\/blockquote>\n                                                                    <p class=\"tns-source\">\n                                        Anne Chapas, MD                                    <\/p>\n                                                            <\/div>\n                        <\/div>                        \n                    <\/div>\n                                    <div class=\"slide\">\n                        <div class=\"slide-content has-image\">\n                                                            <div class=\"tns-image-hldr\">\n                                    <div class=\"bg-cover\" style=\"background-image: url('https:\/\/yourtrubody.com\/fr-fr\/wp-content\/uploads\/sites\/12\/2023\/02\/truSculpt-testimonial.jpg');\"><\/div>\n                                <\/div>\n                            \n                            <div class=\"tns-quote-hldr\">\n                                <blockquote class=\"tns-quote\">Sans aucun temps de r\u00e9tablissement \u2013 et je dis bien aucun \u2013 j\u2019ai pu reprendre ma vie, en pleine forme et avec la confiance d\u2019avoir choisi le bon sp\u00e9cialiste. Pour les personnes qui cherchent \u00e0 sculpter leurs abdos ou \u00e9toffer leurs fessiers, truFlex change la donne. <\/blockquote>\n                                                                    <p class=\"tns-source\">\n                                        VIVIEN MOON                                    <\/p>\n                                                            <\/div>\n                        <\/div>                        \n                    <\/div>\n                                    <div class=\"slide\">\n                        <div class=\"slide-content has-image\">\n                                                            <div class=\"tns-image-hldr\">\n                                    <div class=\"bg-cover\" style=\"background-image: url('https:\/\/yourtrubody.com\/fr-fr\/wp-content\/uploads\/sites\/12\/2023\/02\/kaga-headshot.jpg');\"><\/div>\n                                <\/div>\n                            \n                            <div class=\"tns-quote-hldr\">\n                                <blockquote class=\"tns-quote\">La dur\u00e9e plus courte des rendez-vous nous permet de maximiser l\u2019utilisation quotidienne de la machine et de programmer plus de patients dans une journ\u00e9e. <\/blockquote>\n                                                                    <p class=\"tns-source\">\n                                        Mira Kaga, MD                                    <\/p>\n                                                            <\/div>\n                        <\/div>                        \n                    <\/div>\n                                    <div class=\"slide\">\n                        <div class=\"slide-content has-image\">\n                                                            <div class=\"tns-image-hldr\">\n                                    <div class=\"bg-cover\" style=\"background-image: url('https:\/\/yourtrubody.com\/fr-fr\/wp-content\/uploads\/sites\/12\/2023\/02\/Michael-Somenek-MD.jpg');\"><\/div>\n                                <\/div>\n                            \n                            <div class=\"tns-quote-hldr\">\n                                <blockquote class=\"tns-quote\">Je pense que c\u2019est un compl\u00e9ment id\u00e9al, une mise \u00e0 niveau technologique qui va r\u00e9ellement r\u00e9volutionner le march\u00e9 du remodelage corporel, car elle donne des r\u00e9sultats en une fraction du temps, sans compromettre les r\u00e9sultats. Tout le monde y gagne. <\/blockquote>\n                                                                    <p class=\"tns-source\">\n                                        MICHAEL SOMENEK, MD                                    <\/p>\n                                                            <\/div>\n                        <\/div>                        \n                    <\/div>\n                            <\/div>\n\n            <div id=\"tns_69feb9e218b99-controls\" class=\"tns-controls-custom\" aria-label=\"Carousel Navigation\" tabindex=\"0\">\n                <button data-controls=\"prev\" tabindex=\"-1\" aria-controls=\"tns_63e544ed407b5\">\n                    <img decoding=\"async\" \n                        class=\"tns-prev-arrow img-fluid\" \n                        src=\"https:\/\/yourtrubody.com\/fr-fr\/wp-content\/themes\/yourtrubody\/images\/icon-prev-next.png\" \n                        alt=\"previous arrow\" \n                    \/>\n                <\/button>\n                <button data-controls=\"next\" tabindex=\"-1\" aria-controls=\"tns_63e544ed407b5\">\n                    <img decoding=\"async\" \n                        class=\"tns-next-arrow img-fluid\" \n                        src=\"https:\/\/yourtrubody.com\/fr-fr\/wp-content\/themes\/yourtrubody\/images\/icon-prev-next.png\" \n                        alt=\"previous arrow\" \n                    \/>\n                <\/button>\n            <\/div>\n            <\/section>\n<\/div>\n\n\n<div class=\"wp-block-group is-layout-constrained wp-block-group-is-layout-constrained\">\n<div class=\"wp-block-create-block-short-heading alignwide pt-5\"><div class=\"wrapping-columns\">\n<div class=\"wp-block-columns is-layout-flex wp-container-5 wp-block-columns-is-layout-flex\">\n<div class=\"wp-block-column is-layout-flow wp-block-column-is-layout-flow\">\n<h2 class=\"wp-block-heading has-text-align-center has-trubody-purple-darker-color has-text-color\">Souhaitez-vous aider vos patients \u00e0 d\u00e9passer leurs limites ?<\/h2>\n<\/div>\n<\/div>\n<\/div><\/div>\n\n\n\n<div style=\"height:32px\" aria-hidden=\"true\" class=\"wp-block-spacer\"><\/div>\n\n\n\n<div class=\"wp-block-columns is-layout-flex wp-container-7 wp-block-columns-is-layout-flex\">\n<div class=\"wp-block-column m-auto is-layout-flow wp-block-column-is-layout-flow\" style=\"flex-basis:50%\">\n<h4 class=\"wp-block-heading has-text-align-center has-trubody-purple-color has-text-color\" style=\"font-size:21px\">Devenez fournisseur de la solution truBody d\u00e8s aujourd\u2019hui.<\/h4>\n\n\n\n<p class=\"has-text-align-center\">Remplissez le formulaire, et un repr\u00e9sentant truBody vous contactera rapidement.<\/p>\n\n\n\n<div style=\"height:25px\" aria-hidden=\"true\" class=\"wp-block-spacer\"><\/div>\n<\/div>\n<\/div>\n<\/div>\n\n\n\n<div class=\"wp-block-columns alignwide required-fields is-layout-flex wp-container-10 wp-block-columns-is-layout-flex\">\n<div class=\"wp-block-column is-layout-flow wp-block-column-is-layout-flow\" style=\"flex-basis:614px\">\n<p class=\"m-0 has-text-color\" style=\"color:#e02447\"><strong>* Champs obligatoires<\/strong><\/p>\n\n\n\n<div style=\"height:18px\" aria-hidden=\"true\" class=\"wp-block-spacer\"><\/div>\n<\/div>\n<\/div>\n\n\n\n<div class=\"wp-block-columns ml-3 ml-md-0 is-layout-flex wp-container-12 wp-block-columns-is-layout-flex\">\n<div class=\"wp-block-column m-auto is-layout-flow wp-block-column-is-layout-flow\" style=\"flex-basis:614px\">\n<style>\n    .become-a-provider {\n        max-width: 614px;\n    }\n\n    @media (max-width: 768px) {\n        .become-a-provider {\n            max-width: 90vw;\n        }\n    }\n\n    .become-a-provider .mktoForm {\n        font-size: 16px !important;\n        padding: 0 !important;\n        margin: 0 auto !important;\n        margin-top: -20px !important;\n        font-family: brother-1816, sans-serif !important;\n        width: 614px !important;\n    }\n\n    @media (max-width: 768px) {\n        .become-a-provider .mktoForm {\n            width: 90vw !important;\n        }\n    }\n\n    .become-a-provider .mktoForm h1 {\n        display: none;\n    }\n\n    .become-a-provider .mktoForm input.mktoInvalid {\n        border: 2px solid #e02447 !important;\n        z-index: 10;\n    }\n\n    .become-a-provider .mktoForm input.mktoField,\n    .become-a-provider .mktoForm select.mktoField {\n        background-color: #f2f2f2 !important;\n        box-shadow: none !important;\n        padding: 1em 1.8em !important;\n        border: none;\n        width: 614px !important;\n        color: #79797c !important;\n        position: relative !important;\n        margin-bottom: 1em !important;\n        font-family: brother-1816, sans-serif !important;\n        height: 60px;\n    }\n\n    @media (max-width: 768px) {\n\n        .become-a-provider .mktoForm input.mktoField,\n        .become-a-provider .mktoForm select.mktoField {\n            width: 90vw !important;\n            margin-bottom: 0 !important;\n        }\n    }\n\n    .become-a-provider .mktoForm select.mktoField {\n        background-color: #f2f2f2 !important;\n        background-image: url(\"data:image\/svg+xml;utf8,<svg viewBox='0 0 140 140' width='20' height='20' xmlns='http:\/\/www.w3.org\/2000\/svg'><g><path d='m121.3,34.6c-1.6-1.6-4.2-1.6-5.8,0l-51,51.1-51.1-51.1c-1.6-1.6-4.2-1.6-5.8,0-1.6,1.6-1.6,4.2 0,5.8l53.9,53.9c0.8,0.8 1.8,1.2 2.9,1.2 1,0 2.1-0.4 2.9-1.2l53.9-53.9c1.7-1.6 1.7-4.2 0.1-5.8z' stroke='gray' stroke-width='8' fill='gray'\/><\/g><\/svg>\") !important;\n        background-repeat: no-repeat !important;\n        background-position-x: 96% !important;\n        background-position-y: 55% !important;\n        box-shadow: none !important;\n        border: none !important;\n        width: 614px !important;\n        color: #79797c !important;\n        position: relative !important;\n        margin-bottom: 1em !important;\n        font-family: brother-1816, sans-serif !important;\n        height: 60px;\n    }\n\n    @media (max-width: 768px) {\n        .become-a-provider .mktoForm select.mktoField {\n            width: 90vw !important;\n            margin-bottom: 0 !important;\n        }\n    }\n\n    .become-a-provider .mktoForm span.mktoButtonWrap {\n        margin-left: 0 !important;\n    }\n\n    .become-a-provider .mktoForm button.mktoButton {\n        font-size: 16px !important;\n        text-decoration: none;\n        border-radius: 0px 0px 20px 0px !important;\n        padding: 0.8em 2.5em !important;\n        border: 2px solid #6100b9 !important;\n        transition: all 0.35s !important;\n        position: relative !important;\n        background-color: #6100b9 !important;\n        color: #ffffff !important;\n        overflow: hidden !important;\n        width: fit-content !important;\n        margin-right: auto !important;\n        box-shadow: none !important;\n        text-shadow: none !important;\n    }\n\n    .become-a-provider .mktoForm button.mktoButton:hover {\n        background: #9520ff !important;\n        border-color: #9520ff !important;\n    }\n\n    @media (max-width: 768px) {\n        .become-a-provider .mktoForm button.mktoButton {\n            height: 60px;\n        }\n    }\n\n    .become-a-provider .mktoForm .mktoError .mktoErrorMsg {\n        background: #e02447 !important;\n        box-shadow: none !important;\n        border: none;\n        text-shadow: none;\n    }\n\n    .become-a-provider .mktoForm .mktoError .mktoErrorArrow {\n        background: #e02447 !important;\n        border: none !important;\n    }\n\n    .become-a-provider .mktoForm div#privPolicy {\n        color: #100145;\n        margin: 1em 0 2em 0 !important;\n    }\n\n    .become-a-provider .mktoForm div#privPolicy a {\n        color: #6100b9 !important;\n    }\n\n    .become-a-provider .mktoForm .mktoAsterix {\n        float: none;\n        position: absolute;\n        padding-left: 0;\n        left: 18px;\n        top: 20px;\n        z-index: 10;\n        padding-right: 5px;\n    }\n\n    .become-a-provider .mktoForm .mktoOffset {\n        display: none !important;\n    }\n\n    .become-a-provider .mktoGutter {\n        display: none;\n    }\n\n    .become-a-provider .mktoAsterix {\n        color: #e02447 !important;\n    }\n\n    .become-a-provider .required {\n        margin-bottom: 0;\n    }\n\n    .become-a-provider .mktoHtmlText.mktoHasWidth {\n        width: auto !important;\n    }\n<\/style>\n\n<div class=\"become-a-provider\">\n\n    <script src=\"\/\/665-IHF-390.mktoweb.com\/js\/forms2\/js\/forms2.min.js\"><\/script>\n    <form id=\"mktoForm_11118\"><\/form>\n    <script>\n        MktoForms2.loadForm(\"\/\/665-IHF-390.mktoweb.com\", \"665-IHF-390\", 11118);\n    <\/script>\n\n<\/div>\n\n\n\n<div style=\"height:50px\" aria-hidden=\"true\" class=\"wp-block-spacer\"><\/div>\n<\/div>\n<\/div>\n\n\n\n<div class=\"wp-block-columns alignwide is-layout-flex wp-container-14 wp-block-columns-is-layout-flex\">\n<div class=\"wp-block-column is-layout-flow wp-block-column-is-layout-flow\"><div class=\"\">\n    <div class=\"row pt-4\">\n        <div class=\"col-md-6\">\n            <div class=\"safety\">\n                <div class=\"card\">\n                    <div class=\"card-header p-0 mb-2 collapsed\" data-toggle=\"collapse\" href=\"#safety\">\n                        <h6 class=\"card-title text-left\">\n                            IMPORTANT SAFETY INFORMATION                        <\/h6>\n                    <\/div>\n                    <div id=\"safety\" class=\"card-body p-0 collapse\" data-parent=\"#safety\">\n                        <p class=\"m-0 pr-2\"> <p><strong>TRUSCULPT\/TRUFLEX:<\/strong> Please review the operator\u2019s manual and treatment guidelines for the contraindications, precautions, warnings, side effects and possible adverse events associated with the truSculpt\/truFlex treatment. Results and experience may vary.<\/p>\n <\/p>\n                    <\/div>\n                <\/div>\n            <\/div>\n        <\/div>\n        <div class=\"col-md-6\">\n            <div class=\"references\">\n                <div class=\"card\">\n                    <div class=\"card-header p-0 mb-2 collapsed\" data-toggle=\"collapse\" href=\"#references\">\n                        <h6 class=\"card-title text-left\">\n                                                    <\/h6>\n                    <\/div>\n                    <div id=\"references\" class=\"card-body p-0 collapse\" data-parent=\"#references\">\n                        <p class=\"m-0 pr-2\">  <\/p>\n                    <\/div>\n                <\/div>\n            <\/div>\n        <\/div>\n    <\/div>\n<\/div><\/div>\n<\/div>\n","protected":false},"excerpt":{"rendered":"","protected":false},"author":1,"featured_media":0,"parent":1723,"menu_order":0,"comment_status":"closed","ping_status":"closed","template":"","meta":{"footnotes":""},"acf":[],"_links":{"self":[{"href":"https:\/\/yourtrubody.com\/fr-fr\/wp-json\/wp\/v2\/pages\/1884"}],"collection":[{"href":"https:\/\/yourtrubody.com\/fr-fr\/wp-json\/wp\/v2\/pages"}],"about":[{"href":"https:\/\/yourtrubody.com\/fr-fr\/wp-json\/wp\/v2\/types\/page"}],"author":[{"embeddable":true,"href":"https:\/\/yourtrubody.com\/fr-fr\/wp-json\/wp\/v2\/users\/1"}],"replies":[{"embeddable":true,"href":"https:\/\/yourtrubody.com\/fr-fr\/wp-json\/wp\/v2\/comments?post=1884"}],"version-history":[{"count":3,"href":"https:\/\/yourtrubody.com\/fr-fr\/wp-json\/wp\/v2\/pages\/1884\/revisions"}],"predecessor-version":[{"id":3549,"href":"https:\/\/yourtrubody.com\/fr-fr\/wp-json\/wp\/v2\/pages\/1884\/revisions\/3549"}],"up":[{"embeddable":true,"href":"https:\/\/yourtrubody.com\/fr-fr\/wp-json\/wp\/v2\/pages\/1723"}],"wp:attachment":[{"href":"https:\/\/yourtrubody.com\/fr-fr\/wp-json\/wp\/v2\/media?parent=1884"}],"curies":[{"name":"wp","href":"https:\/\/api.w.org\/{rel}","templated":true}]}}