{"id":1704,"date":"2023-02-07T10:18:13","date_gmt":"2023-02-07T10:18:13","guid":{"rendered":"https:\/\/yourtrubody.com\/?page_id=1704"},"modified":"2023-07-26T18:52:57","modified_gmt":"2023-07-26T17:52:57","slug":"terms","status":"publish","type":"page","link":"https:\/\/yourtrubody.com\/fr-fr\/terms\/","title":{"rendered":"Terms of Use"},"content":{"rendered":"\n<div style=\"height:100px\" aria-hidden=\"true\" class=\"wp-block-spacer\"><\/div>\n\n\n\n<div class=\"wp-block-columns alignwide is-layout-flex wp-container-3 wp-block-columns-is-layout-flex\">\n<div class=\"wp-block-column is-layout-flow wp-block-column-is-layout-flow\">\n<h1 class=\"wp-block-heading has-text-align-center\">Conditions d\u2019utilisation<\/h1>\n<\/div>\n\n\n\n<div class=\"wp-block-column is-layout-flow wp-block-column-is-layout-flow\">\n<h3 class=\"wp-block-heading\">Brevet<\/h3>\n\n\n\n<p>Ce site contient des r\u00e9f\u00e9rences \u00e0 la technologie pour laquelle Cutera a d\u00e9pos\u00e9 une demande de brevet, y compris aux m\u00e9thodes et aux appareils, ainsi qu\u2019une description. Il ne vous est octroy\u00e9 aucune licence ni aucun droit portant sur cette technologie ou sur toute demande de brevet en instance ou tous brevets d\u00e9livr\u00e9s aux \u00c9tats-Unis ou dans d\u2019autres pays.<\/p>\n\n\n\n<h4 class=\"wp-block-heading\">Droit d\u2019auteur<\/h4>\n\n\n\n<p>L\u2019int\u00e9gralit\u00e9 du contenu de ce site, y compris les textes, graphiques, logos, ic\u00f4nes, images, clips audio et logiciels disponibles ou utilis\u00e9s sur ce site, est la propri\u00e9t\u00e9 de Cutera ou de ses fournisseurs de contenu et est prot\u00e9g\u00e9e par les dispositions des lois et trait\u00e9s am\u00e9ricains et internationaux sur les droits d\u2019auteur. La compilation (c\u2019est-\u00e0-dire la collecte, l\u2019agencement et le regroupement) de l\u2019ensemble du contenu de ce site est la propri\u00e9t\u00e9 exclusive de Cutera et est prot\u00e9g\u00e9 par les dispositions des lois et trait\u00e9s am\u00e9ricains et internationaux sur les droits d\u2019auteur.<br><br>Sauf mention contraire sp\u00e9cifique, il est interdit de copier, de reproduire, de distribuer, de rediffuser, de t\u00e9l\u00e9charger, de repr\u00e9senter, d\u2019afficher ou de transmettre tout ou partie du contenu de ce site sous quelque forme que ce soit sans l\u2019approbation pr\u00e9alable \u00e9crite de Cutera. Vous ne pouvez pas non plus, sans l\u2019approbation pr\u00e9alable \u00e9crite de Cutera, dupliquer ou encadrer, en tout ou en partie, tout contenu de ce site. Vous n\u2019\u00eates pas autoris\u00e9s \u00e0 modifier, distribuer, publier, transmettre ou cr\u00e9er des \u0153uvres d\u00e9riv\u00e9es de tout contenu pr\u00e9sent sur ce site \u00e0 des fins publiques ou commerciales. Vous \u00eates uniquement autoris\u00e9s \u00e0 reproduire une seule copie des documents publi\u00e9s par Cutera sur son site strictement \u00e0 titre informatif et \u00e0 des fins non commerciales au sein de votre entreprise, \u00e0 condition que vous mainteniez intactes toutes les mentions de droit d\u2019auteur et autres avis d\u2019exclusivit\u00e9. Aucune autre utilisation des informations et contenus fournis sur ce site n\u2019est autoris\u00e9e.<\/p>\n\n\n\n<h4 class=\"wp-block-heading\">Marques de commerce<\/h4>\n\n\n\n<p>ACUTIP 500, COOLGLIDE, COOLGLIDE EXCEL, COOLGLIDE XEO, CUTERA, LIMELIGHT, PEARL, PEARL FRACTIONAL, PROWAVE 770, SOLERA, SOLERA TITAN, TITAN, TRUSCULPT et XEO sont des marques de commerce et\/ou de service de Cutera aux \u00c9tats-Unis et dans d\u2019autres pays. Toutes les autres marques de commerce, marques de service, marques d\u00e9pos\u00e9es ou marques de service d\u00e9pos\u00e9es peuvent \u00eatre d\u00e9tenues par leur propri\u00e9taire respectif. La marque de commerce Cutera ne peut pas \u00eatre utilis\u00e9e en relation avec tout autre produit ou service n\u2019appartenant pas \u00e0 Cutera, d\u2019une autre mani\u00e8re susceptible d\u2019entra\u00eener une confusion chez les clients ou de d\u00e9nigrer ou discr\u00e9diter Cutera.<\/p>\n\n\n\n<h4 class=\"wp-block-heading\">Clause limitative de responsabilit\u00e9<\/h4>\n\n\n\n<p>BIEN QUE CUTERA S\u2019EFFORCE DE FOURNIR DES INFORMATIONS EXACTES, CE SITE PEUT CONTENIR DES INEXACTITUDES OU DES ERREURS TYPOGRAPHIQUES ; CUTERA N\u2019ASSUME AUCUNE RESPONSABILIT\u00c9 QUANT \u00c0 L\u2019EXACTITUDE DE CES INFORMATIONS. EN OUTRE, CE SITE PEUT CONTENIR DES VIRUS POUVANT INFECTER VOTRE MAT\u00c9RIEL INFORMATIQUE ; CUTERA N\u2019ASSUME AUCUNE RESPONSABILIT\u00c9 QUANT AUX DOMMAGES R\u00c9SULTANT DE CES VIRUS. LES INFORMATIONS PEUVENT \u00caTRE MODIFI\u00c9ES OU MISES \u00c0 JOUR OCCASIONNELLEMENT, SANS PR\u00c9AVIS. CUTERA D\u00c9CLINE CEPENDANT TOUTE OBLIGATION OU TOUT DEVOIR DE METTRE \u00c0 JOUR LES INFORMATIONS CONTENUES SUR CE SITE.<br><br>TOUTES LES INFORMATIONS FOURNIES SUR CE SITE, Y COMPRIS LE FONCTIONNEMENT DE CE SITE, LES DONN\u00c9ES, LE CONTENU, LES DOCUMENTS ET LES PRODUITS, SONT FOURNIES \u00ab TELLES QUELLES, QUELS QU\u2019EN SOIENT LES D\u00c9FAUTS \u00bb ET SANS AUCUNE GARANTIE EXPRESSE OU IMPLICITE DE QUELQUE NATURE QUE CE SOIT. DANS LA MESURE PERMISE PAR LA LOI EN VIGUEUR, CUTERA ET SES FOURNISSEURS D\u00c9CLINENT TOUTES GARANTIES, EXPRESSES OU IMPLICITES, Y COMPRIS, SANS TOUTEFOIS S\u2019Y LIMITER, LES GARANTIES DE QUALIT\u00c9 MARCHANDE, D\u2019AD\u00c9QUATION \u00c0 UN USAGE PARTICULIER ET D\u2019ABSENCE DE CONTREFA\u00c7ON, OU D\u00c9COULANT D\u2019UNE TRANSACTION, D\u2019UN EMPLOI OU D\u2019UNE PRATIQUE COMMERCIALE.<br><br>LES INFORMATIONS CONTENUES SUR CE SITE NE DOIVENT PAS \u00caTRE CONSID\u00c9R\u00c9ES COMME DES AVIS M\u00c9DICAUX, ET NE SAURAIENT REMPLACER LA CONSULTATION D\u2019UN M\u00c9DECIN QUALIFI\u00c9. CUTERA NE R\u00c9POND PAS \u00c0 DES QUESTIONS M\u00c9DICALES PR\u00c9CISES NI N\u2019ORIENTE LES PATIENTS VERS UN PROFESSIONNEL M\u00c9DICAL PARTICULIER.<br><br>DANS LA MESURE O\u00d9 VOUS POUVEZ OBTENIR DES INFORMATIONS SUR UN PRESTATAIRE DE SERVICES PAR L\u2019INTERM\u00c9DIAIRE DE CE SITE, CUTERA NE FOURNIT AUCUNE GARANTIE NI NE FAIT AUCUNE D\u00c9CLARATION, EXPRESSE OU IMPLICITE, QUANT \u00c0 CE PRESTATAIRE DE SERVICES, Y COMPRIS, SANS TOUTEFOIS S\u2019Y LIMITER LES COMP\u00c9TENCES, LA FORMATION OU LES APTITUDES DE TOUT PRESTATAIRE DE SERVICES (OU DE SES EMPLOY\u00c9S OU REPR\u00c9SENTANTS). COMME POUR TOUT TRAITEMENT ESTH\u00c9TIQUE, LES R\u00c9SULTATS PEUVENT VARIER D\u2019UN CLIENT \u00c0 UN AUTRE ET D\u2019UN TRAITEMENT \u00c0 UN AUTRE. AUCUN CONSEIL OU RENSEIGNEMENT, ORAL OU \u00c9CRIT, OBTENU PAR VOUS-M\u00caME AUPR\u00c8S DE CE SITE OU DE CUTERA NE CR\u00c9ERA D\u2019AUTRES GARANTIES NON EXPRESS\u00c9MENT \u00c9NONC\u00c9ES PAR \u00c9CRIT.<br><br>VOUS \u00caTES INVIT\u00c9S \u00c0 CONFIRMER LES INFORMATIONS CONTENUES SUR CE SITE AUPR\u00c8S D\u2019AUTRES SOURCES.<\/p>\n\n\n\n<h4 class=\"wp-block-heading\">Limitation de responsabilit\u00e9<\/h4>\n\n\n\n<p>CUTERA ET SES FOURNISSEURS NE SERONT PAS TENUS RESPONSABLES DES DOMMAGES, QUELS QU\u2019ILS SOIENT, D\u00c9COULANT DE L\u2019UTILISATION DE CE SITE OU DES INFORMATIONS FOURNIES SUR CE SITE, Y COMPRIS, SANS TOUTEFOIS S\u2019Y LIMITER, TOUT DOMMAGE DIRECT, INDIRECT, SP\u00c9CIAL, CONS\u00c9CUTIF OU ACCESSOIRE, Y COMPRIS, SANS TOUTEFOIS S\u2019Y LIMITER, LA PERTE DE PROFITS OU DE REVENUS, LES CO\u00dbTS RELATIFS AU REMPLACEMENT DE MARCHANDISES, LA PERTE OU LA D\u00c9T\u00c9RIORATION DES DONN\u00c9ES OU LA PERTE DE JOUISSANCE POUVANT R\u00c9SULTER DE L\u2019UTILISATION OU DE L\u2019INCAPACIT\u00c9 \u00c0 UTILISER CE SITE OU TOUT AUTRE PRODUIT CUTERA, LES DOMMAGES R\u00c9SULTANT DE L\u2019UTILISATION DES INFORMATIONS PR\u00c9SENTES OU DU CR\u00c9DIT QUI LEUR SONT ACCORD\u00c9S, M\u00caME SI CUTERA OU SES FOURNISSEURS ONT \u00c9T\u00c9 INFORM\u00c9S DE LA POSSIBILIT\u00c9 DE CES DOMMAGES.<\/p>\n\n\n\n<h4 class=\"wp-block-heading\">L\u00e9gislation en vigueur et juridiction<\/h4>\n\n\n\n<p>Ce site est cr\u00e9\u00e9 et contr\u00f4l\u00e9 par Cutera en Californie (\u00c9tats-Unis). De ce fait, la l\u00e9gislation de la Californie (\u00c9tats-Unis) r\u00e9gira ces conditions g\u00e9n\u00e9rales, ind\u00e9pendamment des principes de conflits de lois. Le pr\u00e9sent accord et toutes les r\u00e9clamations ou questions concernant ce site, seront r\u00e9gis par la l\u00e9gislation de l\u2019\u00c9tat de Californie. Toute action en justice concernant les conditions g\u00e9n\u00e9rales d\u2019utilisation de ce site doit \u00eatre port\u00e9e devant les tribunaux de San Francisco, en Californie (\u00c9tats-Unis) dans un d\u00e9lai d\u2019un (1) an suivant la r\u00e9clamation ou la cause d\u2019action.<\/p>\n\n\n\n<h4 class=\"wp-block-heading\">Conformit\u00e9 avec la l\u00e9gislation en vigueur et les lois relatives au contr\u00f4le des exportations<\/h4>\n\n\n\n<p>L\u2019utilisation de ce site est r\u00e9gie par toutes les lois f\u00e9d\u00e9rales, d\u2019\u00c9tat et locales en vigueur. Toutes les informations disponibles sur ce site sont sujettes aux lois am\u00e9ricaines sur le contr\u00f4le des exportations et peuvent aussi \u00eatre soumises \u00e0 la l\u00e9gislation du pays ou vous r\u00e9sidez. Aucun contenu de ce site ne peut \u00eatre t\u00e9l\u00e9charg\u00e9 ou par ailleurs export\u00e9 en violation de toute loi. Tous les produits et publications de Cutera sont de nature commerciale. L\u2019utilisation, la reproduction ou la divulgation par le gouvernement des \u00c9tats-Unis est sujette aux restrictions \u00e9nonc\u00e9es dans le DFARS 252.227-7013 et le FAR 52.227-19.<\/p>\n\n\n\n<h4 class=\"wp-block-heading\">Liens aux sites Web tiers<\/h4>\n\n\n\n<p>Ce site peut mener \u00e0 d\u2019autres sites Web qui ne sont pas contr\u00f4l\u00e9s par Cutera. Cutera n\u2019est pas responsable du contenu de ces sites. Cutera vous fournit ces liens \u00e0 des fins pratiques uniquement et l\u2019inclusion de tout lien \u00e0 ces sites n\u2019implique pas que Cutera approuve ces sites. Si vous d\u00e9cidez de consulter l\u2019un de ces sites Web tiers, vous le faites \u00e0 vos propres risques.<\/p>\n\n\n\n<h4 class=\"wp-block-heading\">G\u00e9n\u00e9ralit\u00e9s<\/h4>\n\n\n\n<p>La mention de produits ou services n\u2019appartenant pas \u00e0 Cutera est indiqu\u00e9e \u00e0 titre informatif seulement et ne constitue ni une approbation ni une recommandation. \u00c0 L\u2019EXCEPTION DES DROITS LIMIT\u00c9S \u00c9NONC\u00c9S CI-DESSUS, IL NE VOUS EST OCTROY\u00c9 AUCUNE LICENCE NI AUCUN DROIT SUR CE SITE WEB, Y COMPRIS TOUTE LICENCE OU TOUT DROIT QUANT AUX DROITS D\u2019AUTEUR, BREVETS, MARQUES DE COMMERCE, SECRETS PROFESSIONNELS, TECHNOLOGIES, PRODUITS, PROC\u00c9D\u00c9S OU TOUT AUTRE DROIT EXCLUSIF.<\/p>\n<\/div>\n<\/div>\n\n\n\n<div class=\"wp-block-create-block-fullwidth-cta\"><div class=\"fullwidth-cta py-4 wrapper undefined\">\n<div class=\"wp-block-columns row gradient-bg py-5 px-4 mx-md-5 is-layout-flex wp-container-7 wp-block-columns-is-layout-flex\">\n<div class=\"wp-block-column col-md-12 is-layout-flow wp-block-column-is-layout-flow\">\n<div class=\"wp-block-create-block-short-heading is-style-smaller-width-heading\"><div class=\"wrapping-columns\">\n<div class=\"wp-block-columns is-layout-flex wp-container-5 wp-block-columns-is-layout-flex\">\n<div class=\"wp-block-column is-layout-flow wp-block-column-is-layout-flow\">\n<h2 class=\"wp-block-heading text-center mt-0 text-light\">Vous souhaitez d\u00e9passer vos limites ?<\/h2>\n<\/div>\n<\/div>\n<\/div><\/div>\n\n\n\n<p class=\"text-center py-3 text-light\">Passez \u00e0 l\u2019\u00e9tape suivante et voyez si truBody vous convient.<\/p>\n\n\n\n<div class=\"wp-block-create-block-button\"><div class=\"trubody-button wrapper undefined\">\n<div class=\"wp-block-button\"><a class=\"wp-block-button__link has-primary-color has-text-color wp-element-button\" href=\"https:\/\/yourtrubody.com\/fr-fr\/find-a-provider\/\">Trouver un sp\u00e9cialiste<\/a><\/div>\n<\/div><\/div>\n<\/div>\n<\/div>\n<\/div><\/div>\n","protected":false},"excerpt":{"rendered":"<p>Conditions d\u2019utilisation Brevet Ce site contient des r\u00e9f\u00e9rences \u00e0 la technologie pour laquelle Cutera a d\u00e9pos\u00e9 une demande de brevet, y compris aux m\u00e9thodes et aux appareils, ainsi qu\u2019une description. Il ne vous est octroy\u00e9 aucune licence ni aucun droit portant sur cette technologie ou sur toute demande de brevet en instance ou tous brevets<\/p>\n","protected":false},"author":1,"featured_media":0,"parent":0,"menu_order":0,"comment_status":"closed","ping_status":"closed","template":"","meta":{"footnotes":""},"acf":[],"_links":{"self":[{"href":"https:\/\/yourtrubody.com\/fr-fr\/wp-json\/wp\/v2\/pages\/1704"}],"collection":[{"href":"https:\/\/yourtrubody.com\/fr-fr\/wp-json\/wp\/v2\/pages"}],"about":[{"href":"https:\/\/yourtrubody.com\/fr-fr\/wp-json\/wp\/v2\/types\/page"}],"author":[{"embeddable":true,"href":"https:\/\/yourtrubody.com\/fr-fr\/wp-json\/wp\/v2\/users\/1"}],"replies":[{"embeddable":true,"href":"https:\/\/yourtrubody.com\/fr-fr\/wp-json\/wp\/v2\/comments?post=1704"}],"version-history":[{"count":4,"href":"https:\/\/yourtrubody.com\/fr-fr\/wp-json\/wp\/v2\/pages\/1704\/revisions"}],"predecessor-version":[{"id":3579,"href":"https:\/\/yourtrubody.com\/fr-fr\/wp-json\/wp\/v2\/pages\/1704\/revisions\/3579"}],"wp:attachment":[{"href":"https:\/\/yourtrubody.com\/fr-fr\/wp-json\/wp\/v2\/media?parent=1704"}],"curies":[{"name":"wp","href":"https:\/\/api.w.org\/{rel}","templated":true}]}}