{"id":1031,"date":"2023-01-24T03:40:39","date_gmt":"2023-01-24T02:40:39","guid":{"rendered":"https:\/\/yourtrubody.com\/?page_id=1031"},"modified":"2023-06-06T23:02:50","modified_gmt":"2023-06-06T22:02:50","slug":"temoignages","status":"publish","type":"page","link":"https:\/\/yourtrubody.com\/fr-fr\/temoignages\/","title":{"rendered":"T\u00e9moignages"},"content":{"rendered":"\n<div class=\"wp-block-create-block-hero-cover\"><div class=\"hero-cover wrapper alignwide\">\n<div class=\"wp-block-cover\"><span aria-hidden=\"true\" class=\"wp-block-cover__background has-transparent-background-color has-background-dim\"><\/span><img decoding=\"async\" loading=\"lazy\" width=\"2494\" height=\"1440\" class=\"wp-block-cover__image-background wp-image-1843\" alt=\"\" src=\"https:\/\/yourtrubody.com\/fr-fr\/wp-content\/uploads\/sites\/12\/2023\/02\/patient_testimonials_hero.jpg\" data-object-fit=\"cover\" srcset=\"https:\/\/yourtrubody.com\/fr-fr\/wp-content\/uploads\/sites\/12\/2023\/02\/patient_testimonials_hero.jpg 2494w, https:\/\/yourtrubody.com\/fr-fr\/wp-content\/uploads\/sites\/12\/2023\/02\/patient_testimonials_hero-300x173.jpg 300w, https:\/\/yourtrubody.com\/fr-fr\/wp-content\/uploads\/sites\/12\/2023\/02\/patient_testimonials_hero-1024x591.jpg 1024w, https:\/\/yourtrubody.com\/fr-fr\/wp-content\/uploads\/sites\/12\/2023\/02\/patient_testimonials_hero-768x443.jpg 768w, https:\/\/yourtrubody.com\/fr-fr\/wp-content\/uploads\/sites\/12\/2023\/02\/patient_testimonials_hero-1536x887.jpg 1536w, https:\/\/yourtrubody.com\/fr-fr\/wp-content\/uploads\/sites\/12\/2023\/02\/patient_testimonials_hero-2048x1182.jpg 2048w\" sizes=\"(max-width: 2494px) 100vw, 2494px\" \/><div class=\"wp-block-cover__inner-container is-layout-flow wp-block-cover-is-layout-flow\">\n<p class=\"has-text-align-center has-large-font-size\">Mannequin, patient fictif.<\/p>\n<\/div><\/div>\n\n\n\n<div class=\"wp-block-create-block-hero-text\"><div class=\"hero-text gradient-bg py-4 wrapper undefined\">\n<h1 class=\"wp-block-heading\">Des t\u00e9moignages authentiques de patients truBody<\/h1>\n<\/div><\/div>\n<\/div><\/div>\n\n\n\n<div style=\"height:50px\" aria-hidden=\"true\" class=\"wp-block-spacer d-block d-md-none\"><\/div>\n\n\n\n<div class=\"px-0 px-md-5 m-4 mx-md-3\">\n    <section class=\"slider-testimonials\">\n                    <div id=\"tns_69fb21ceb1f10\" class=\"tiny-slider\">\n                                    <div class=\"slide\">\n                        <div class=\"slide-content \">\n                            \n                            <div class=\"tns-quote-hldr\">\n                                <blockquote class=\"tns-quote\">Je fais r\u00e9guli\u00e8rement de l\u2019exercice, 4 \u00e0 5 fois par semaine, mais je cherche toujours de faire passer mon corps \u00e0 la vitesse sup\u00e9rieure. truFlex est un excellent compl\u00e9ment \u00e0 mon programme d\u2019entra\u00eenement. Il me permet d\u2019affiner ma force musculaire et mon tonus, modifiant l\u2019apparence g\u00e9n\u00e9rale de mon corps, et les r\u00e9sultats sont r\u00e9ellement impressionnants. <\/blockquote>\n                                                                    <p class=\"tns-source\">\n                                        MC \u2022 FL, USA                                    <\/p>\n                                                            <\/div>\n                        <\/div>                        \n                    <\/div>\n                                    <div class=\"slide\">\n                        <div class=\"slide-content \">\n                            \n                            <div class=\"tns-quote-hldr\">\n                                <blockquote class=\"tns-quote\">J\u2019ai \u00e9t\u00e9 \u00e9tonn\u00e9e de l\u2019effet des traitements truFlex sur mes fesses. J\u2019ai fait 4 traitements et apr\u00e8s la s\u00e9rie, j\u2019ai constat\u00e9 comme un vrai lifting. Je recommande ce traitement sans r\u00e9serve \u00e0 ceux et celles qui veulent avoir un boost sans temps de r\u00e9cup\u00e9ration.<\/blockquote>\n                                                                    <p class=\"tns-source\">\n                                        AH                                    <\/p>\n                                                            <\/div>\n                        <\/div>                        \n                    <\/div>\n                                    <div class=\"slide\">\n                        <div class=\"slide-content \">\n                            \n                            <div class=\"tns-quote-hldr\">\n                                <blockquote class=\"tns-quote\">Sans aucun temps de r\u00e9tablissement \u2013 et je dis bien aucun \u2013 j\u2019ai pu reprendre ma vie, en pleine forme et avec la confiance d\u2019avoir choisi le bon sp\u00e9cialiste. Pour les personnes qui cherchent \u00e0 sculpter leurs abdos ou \u00e9toffer leurs fessiers, truFlex change la donne.<\/blockquote>\n                                                                    <p class=\"tns-source\">\n                                        VIVIEN MOON                                    <\/p>\n                                                            <\/div>\n                        <\/div>                        \n                    <\/div>\n                                    <div class=\"slide\">\n                        <div class=\"slide-content \">\n                            \n                            <div class=\"tns-quote-hldr\">\n                                <blockquote class=\"tns-quote\">La principale diff\u00e9rence, c\u2019est que les patients peuvent d\u00e9sormais recevoir un traitement par truSculpt et truFlex au cours d\u2019un m\u00eame rendez-vous, le traitement combin\u00e9 ne prenant que 30 minutes ! <\/blockquote>\n                                                                    <p class=\"tns-source\">\n                                        MIRA KAGA, MD                                    <\/p>\n                                                            <\/div>\n                        <\/div>                        \n                    <\/div>\n                                    <div class=\"slide\">\n                        <div class=\"slide-content \">\n                            \n                            <div class=\"tns-quote-hldr\">\n                                <blockquote class=\"tns-quote\">Cette intervention sans temps de r\u00e9cup\u00e9ration m\u2019a donn\u00e9 des r\u00e9sultats que je n\u2019avais pas pu obtenir seulement avec les r\u00e9gimes alimentaires et l\u2019activit\u00e9 physique. truSculpt a r\u00e9pondu \u00e0 mes esp\u00e9rances ! <\/blockquote>\n                                                                    <p class=\"tns-source\">\n                                        SG \u2022 QUEBEC, CANADA                                    <\/p>\n                                                            <\/div>\n                        <\/div>                        \n                    <\/div>\n                            <\/div>\n\n            <div id=\"tns_69fb21ceb1f10-controls\" class=\"tns-controls-custom\" aria-label=\"Carousel Navigation\" tabindex=\"0\">\n                <button data-controls=\"prev\" tabindex=\"-1\" aria-controls=\"tns_63e544ed407b5\">\n                    <img decoding=\"async\" \n                        class=\"tns-prev-arrow img-fluid\" \n                        src=\"https:\/\/yourtrubody.com\/fr-fr\/wp-content\/themes\/yourtrubody\/images\/icon-prev-next.png\" \n                        alt=\"previous arrow\" \n                    \/>\n                <\/button>\n                <button data-controls=\"next\" tabindex=\"-1\" aria-controls=\"tns_63e544ed407b5\">\n                    <img decoding=\"async\" \n                        class=\"tns-next-arrow img-fluid\" \n                        src=\"https:\/\/yourtrubody.com\/fr-fr\/wp-content\/themes\/yourtrubody\/images\/icon-prev-next.png\" \n                        alt=\"previous arrow\" \n                    \/>\n                <\/button>\n            <\/div>\n            <\/section>\n<\/div>\n\n\n<div class=\"wp-block-create-block-two-thirds-col-img-cta\"><div class=\"two-thirds-col-img-cta wrapper px-5 px-md-5 m-0 mx-md-3 undefined\">\n<div class=\"wp-block-columns are-vertically-aligned-center row is-layout-flex wp-container-4 wp-block-columns-is-layout-flex\">\n<div class=\"wp-block-column col-md-5 py-5 align-self-center px-0 is-layout-flow wp-block-column-is-layout-flow\" style=\"flex-basis:33%\">\n<h4 class=\"wp-block-heading has-text-align-left pb-1\">The word is out<\/h4>\n\n\n\n<h2 class=\"wp-block-heading has-text-align-left\">Lisez les avis sur <strong>RealSelf<\/strong><\/h2>\n\n\n\n<p class=\"has-text-align-left py-4 m-0\">D\u00e9couvrez ce que d\u2019autres personnes disent des traitements truBody ou t\u00e9moignez de vos r\u00e9sultats en publiant un avis.<\/p>\n\n\n\n<div class=\"wp-block-create-block-button alignleft pt-4\"><div class=\"trubody-button wrapper undefined\">\n<div class=\"wp-block-button alignleft\"><a class=\"wp-block-button__link has-primary-color has-text-color wp-element-button\" href=\"https:\/\/www.realself.com\/reviews\/truflex\" target=\"_blank\" rel=\"noreferrer noopener\">Voir nos \u00e9valuations<\/a><\/div>\n<\/div><\/div>\n<\/div>\n\n\n\n<div class=\"wp-block-column col-md-7 py-0 py-md-5 my-4 mt-0 mt-md-4 align-self-center is-layout-flow wp-block-column-is-layout-flow\" style=\"flex-basis:66%\">\n<figure class=\"wp-block-image size-large position-relative d-none d-md-flex brand-img is-style-trubody-image-right\"><img decoding=\"async\" loading=\"lazy\" width=\"1024\" height=\"492\" src=\"https:\/\/yourtrubody.com\/fr-fr\/wp-content\/uploads\/sites\/12\/2023\/02\/realself_feature-1024x492.jpg\" alt=\"\" class=\"wp-image-1693\" srcset=\"https:\/\/yourtrubody.com\/fr-fr\/wp-content\/uploads\/sites\/12\/2023\/02\/realself_feature-1024x492.jpg 1024w, https:\/\/yourtrubody.com\/fr-fr\/wp-content\/uploads\/sites\/12\/2023\/02\/realself_feature-300x144.jpg 300w, https:\/\/yourtrubody.com\/fr-fr\/wp-content\/uploads\/sites\/12\/2023\/02\/realself_feature-768x369.jpg 768w, https:\/\/yourtrubody.com\/fr-fr\/wp-content\/uploads\/sites\/12\/2023\/02\/realself_feature.jpg 1360w\" sizes=\"(max-width: 1024px) 100vw, 1024px\" \/><figcaption class=\"wp-element-caption\">Model. Not actual patient.<\/figcaption><\/figure>\n\n\n\n<figure class=\"wp-block-image size-full position-relative d-flex d-md-none is-style-trubody-image-right m-0\"><img decoding=\"async\" loading=\"lazy\" width=\"680\" height=\"654\" src=\"https:\/\/yourtrubody.com\/fr-fr\/wp-content\/uploads\/sites\/12\/2023\/02\/real_self_feature_mobile.jpg\" alt=\"\" class=\"wp-image-2010\" srcset=\"https:\/\/yourtrubody.com\/fr-fr\/wp-content\/uploads\/sites\/12\/2023\/02\/real_self_feature_mobile.jpg 680w, https:\/\/yourtrubody.com\/fr-fr\/wp-content\/uploads\/sites\/12\/2023\/02\/real_self_feature_mobile-300x289.jpg 300w\" sizes=\"(max-width: 680px) 100vw, 680px\" \/><figcaption class=\"wp-element-caption\">Model. Not actual patient.<\/figcaption><\/figure>\n<\/div>\n<\/div>\n<\/div><\/div>\n\n\n\n<div class=\"wp-block-group alignfull is-layout-constrained wp-block-group-is-layout-constrained\">\n<div class=\"wp-block-columns alignfull pt-5 mt-5 alignwide has-trubody-light-gray-background-color has-background is-layout-flex wp-container-8 wp-block-columns-is-layout-flex\">\n<div class=\"wp-block-column is-layout-flow wp-block-column-is-layout-flow\">\n<div class=\"wp-block-create-block-short-heading is-style-medium-width-heading pb-4\"><div class=\"wrapping-columns\">\n<div class=\"wp-block-columns is-layout-flex wp-container-6 wp-block-columns-is-layout-flex\">\n<div class=\"wp-block-column is-layout-flow wp-block-column-is-layout-flow\">\n<h4 class=\"wp-block-heading has-text-align-center has-trubody-purple-color has-text-color\">Rien ne remplace l\u2019exp\u00e9rience personnelle de truBody, mais les t\u00e9moignages authentiques de personnes comme vous sont ce qui s\u2019en rapproche le plus.<\/h4>\n<\/div>\n<\/div>\n<\/div><\/div>\n<\/div>\n<\/div>\n\n\n\n<div class=\"wp-block-columns pb-5 mb-5 alignwide has-trubody-light-gray-background-color has-background is-layout-flex wp-container-11 wp-block-columns-is-layout-flex\">\n<div class=\"wp-block-column is-layout-flow wp-block-column-is-layout-flow\">\n\n\n\n\n<!-- Video Component  -->\n<div class=\"acf-video\" data-toggle=\"modal\" data-target=\"#video-testimonial1\">\n    <div class=\"video-wrapper\">\n        <div style=\"background-image: url('https:\/\/yourtrubody.com\/fr-fr\/wp-content\/uploads\/sites\/12\/2023\/02\/Screenshot-2023-02-23-at-4.06.38-PM.png'); background-repeat: norepeat; background-size: cover;\" class=\"video-thumbnail\">\n            <div class=\"controls-wrapper\">\n                <div class=\"video-controls\">\n                    <div class=\"playbutton m-4\">\n                        <svg xmlns=\"http:\/\/www.w3.org\/2000\/svg\" width=\"31\" height=\"31\" viewBox=\"0 0 31 31\">\n                            <path id=\"Icon_ionic-ios-play-circle\" data-name=\"Icon ionic-ios-play-circle\" d=\"M18.875,3.375a15.5,15.5,0,1,0,15.5,15.5A15.5,15.5,0,0,0,18.875,3.375ZM25.12,19.166,14.9,25.351a.332.332,0,0,1-.5-.291V12.69a.33.33,0,0,1,.5-.291L25.12,18.584A.342.342,0,0,1,25.12,19.166Z\" transform=\"translate(-3.375 -3.375)\" fill=\"#fff\" \/>\n                        <\/svg>\n                    <\/div>\n                    <div class=\"duration m-4\">1:00<\/div>\n                <\/div>\n            <\/div>\n        <\/div>\n\n        <div class=\"video-caption p-5 has-trubody-white-background-color\">\n            <p><b>truBody x Art Basel<br \/>\n<\/b>truBody a invit\u00e9 des c\u00e9l\u00e9brit\u00e9s et des influenceurs \u00e0 un \u00e9v\u00e9nement exclusif, Art Basel 2022. Certains des invit\u00e9s ont pu faire l\u2019exp\u00e9rience de truFlex, l\u2019un des traitements de modelage de la silhouette les plus rapides disponibles.<\/p>\n        <\/div>\n    <\/div>\n\n    <!-- Modal  -->\n    <div class=\"modal fade\" id=\"video-testimonial1\" tabindex=\"-1\" role=\"dialog\" aria-labelledby=\"videoModal\" aria-hidden=\"true\">\n        <div class=\"modal-dialog modal-dialog-centered\" role=\"document\">\n            <div class=\"modal-content mt-2\">\n                <div class=\"modal-header\">\n                    <button type=\"button\" class=\"close\" id=\"modalClose\" data-dismiss=\"modal\" aria-label=\"Close\">\n                        <span aria-hidden=\"true\">\n                            <svg xmlns=\"http:\/\/www.w3.org\/2000\/svg\" width=\"20.297\" height=\"20.297\" viewBox=\"0 0 20.297 20.297\">\n                                <g id=\"Group_4750\" data-name=\"Group 4750\" transform=\"translate(-1300.212 -45.489)\">\n                                    <line id=\"Line_51\" data-name=\"Line 51\" y2=\"24.249\" transform=\"translate(1319.072 46.927) rotate(45)\" fill=\"none\" stroke=\"#5821b2\" stroke-linecap=\"round\" stroke-width=\"2\" \/>\n                                    <line id=\"Line_52\" data-name=\"Line 52\" y1=\"0.391\" x2=\"24.249\" transform=\"translate(1301.926 46.926) rotate(45)\" fill=\"none\" stroke=\"#5821b2\" stroke-linecap=\"round\" stroke-width=\"2\" \/>\n                                <\/g>\n                            <\/svg>\n                        <\/span>\n                    <\/button>\n                <\/div>\n\n                <div class=\"modal-body\">\n\n                                            <video controls class=\"video mp4\" id=\"videoModal\" preload=\"auto\">\n                            <source src=\"https:\/\/cutera.widen.net\/content\/9iacazltbg\/mp4\/60_2.mp4?quality=hd&amp;u=b4epiw#t=0.1\" type=\"video\/mp4\">\n                            <\/source>\n                        <\/video>\n                    \n                <\/div>\n            <\/div>\n        <\/div>\n    <\/div>\n\n<\/div><\/div>\n\n\n\n<div class=\"wp-block-column is-layout-flow wp-block-column-is-layout-flow\">\n\n\n\n\n<!-- Video Component  -->\n<div class=\"acf-video\" data-toggle=\"modal\" data-target=\"#video-testimonial2\">\n    <div class=\"video-wrapper\">\n        <div style=\"background-image: url('https:\/\/yourtrubody.com\/fr-fr\/wp-content\/uploads\/sites\/12\/2023\/02\/Screenshot-2023-02-23-at-4.16.24-PM.png'); background-repeat: norepeat; background-size: cover;\" class=\"video-thumbnail\">\n            <div class=\"controls-wrapper\">\n                <div class=\"video-controls\">\n                    <div class=\"playbutton m-4\">\n                        <svg xmlns=\"http:\/\/www.w3.org\/2000\/svg\" width=\"31\" height=\"31\" viewBox=\"0 0 31 31\">\n                            <path id=\"Icon_ionic-ios-play-circle\" data-name=\"Icon ionic-ios-play-circle\" d=\"M18.875,3.375a15.5,15.5,0,1,0,15.5,15.5A15.5,15.5,0,0,0,18.875,3.375ZM25.12,19.166,14.9,25.351a.332.332,0,0,1-.5-.291V12.69a.33.33,0,0,1,.5-.291L25.12,18.584A.342.342,0,0,1,25.12,19.166Z\" transform=\"translate(-3.375 -3.375)\" fill=\"#fff\" \/>\n                        <\/svg>\n                    <\/div>\n                    <div class=\"duration m-4\">0:52<\/div>\n                <\/div>\n            <\/div>\n        <\/div>\n\n        <div class=\"video-caption p-5 has-trubody-white-background-color\">\n            <p><strong><span class=\"ui-provider\" dir=\"ltr\">Teresa Giudice<br \/>\n<\/span><\/strong><span class=\"ui-provider\" dir=\"ltr\">Teresa Giudice d\u00e9passe ses objectifs en mati\u00e8re de silhouette avec le traitement complet truBody : truSculpt et truFlex.<\/span><\/p>\n        <\/div>\n    <\/div>\n\n    <!-- Modal  -->\n    <div class=\"modal fade\" id=\"video-testimonial2\" tabindex=\"-1\" role=\"dialog\" aria-labelledby=\"videoModal\" aria-hidden=\"true\">\n        <div class=\"modal-dialog modal-dialog-centered\" role=\"document\">\n            <div class=\"modal-content mt-2\">\n                <div class=\"modal-header\">\n                    <button type=\"button\" class=\"close\" id=\"modalClose\" data-dismiss=\"modal\" aria-label=\"Close\">\n                        <span aria-hidden=\"true\">\n                            <svg xmlns=\"http:\/\/www.w3.org\/2000\/svg\" width=\"20.297\" height=\"20.297\" viewBox=\"0 0 20.297 20.297\">\n                                <g id=\"Group_4750\" data-name=\"Group 4750\" transform=\"translate(-1300.212 -45.489)\">\n                                    <line id=\"Line_51\" data-name=\"Line 51\" y2=\"24.249\" transform=\"translate(1319.072 46.927) rotate(45)\" fill=\"none\" stroke=\"#5821b2\" stroke-linecap=\"round\" stroke-width=\"2\" \/>\n                                    <line id=\"Line_52\" data-name=\"Line 52\" y1=\"0.391\" x2=\"24.249\" transform=\"translate(1301.926 46.926) rotate(45)\" fill=\"none\" stroke=\"#5821b2\" stroke-linecap=\"round\" stroke-width=\"2\" \/>\n                                <\/g>\n                            <\/svg>\n                        <\/span>\n                    <\/button>\n                <\/div>\n\n                <div class=\"modal-body\">\n\n                                            <video controls class=\"video mp4\" id=\"videoModal\" preload=\"auto\">\n                            <source src=\"https:\/\/cutera.widen.net\/content\/05floy5rmb\/mp4\/Reel-1_For-YT_Website.mp4?quality=hd&amp;u=b4epiw#t=0.1\" type=\"video\/mp4\">\n                            <\/source>\n                        <\/video>\n                    \n                <\/div>\n            <\/div>\n        <\/div>\n    <\/div>\n\n<\/div><\/div>\n<\/div>\n<\/div>\n\n\n\n<div class=\"wp-block-group is-layout-constrained wp-block-group-is-layout-constrained\">\n<div class=\"wp-block-columns alignwide is-layout-flex wp-container-14 wp-block-columns-is-layout-flex\">\n<div class=\"wp-block-column is-layout-flow wp-block-column-is-layout-flow\">\n<h2 class=\"wp-block-heading has-text-align-center\">La palme revient toujours \u00e0 truBody<\/h2>\n<\/div>\n<\/div>\n\n\n\n\n<!-- Wrapper  -->\n<div id=\"logo-ticker\" class=\"ticker py-4 js-ticker\" style=\"--ticker-gap-x: var(--tt9-space-lg);\">\n\n    \n        <!-- Container  -->\n        <ul class=\"ticker__list tt9-items-center\">\n                            <!-- Repeated Item  -->\n                <li class=\"ticker__item\">\n                    <img decoding=\"async\" src=\"https:\/\/yourtrubody.com\/fr-fr\/wp-content\/uploads\/sites\/12\/2023\/02\/award1_cropped.jpg\" \/>\n                <\/li>\n                            <!-- Repeated Item  -->\n                <li class=\"ticker__item\">\n                    <img decoding=\"async\" src=\"https:\/\/yourtrubody.com\/fr-fr\/wp-content\/uploads\/sites\/12\/2023\/02\/award2_cropped.jpg\" \/>\n                <\/li>\n                            <!-- Repeated Item  -->\n                <li class=\"ticker__item\">\n                    <img decoding=\"async\" src=\"https:\/\/yourtrubody.com\/fr-fr\/wp-content\/uploads\/sites\/12\/2023\/02\/award3_cropped.jpg\" \/>\n                <\/li>\n                            <!-- Repeated Item  -->\n                <li class=\"ticker__item\">\n                    <img decoding=\"async\" src=\"https:\/\/yourtrubody.com\/fr-fr\/wp-content\/uploads\/sites\/12\/2023\/02\/award4_cropped.jpg\" \/>\n                <\/li>\n                            <!-- Repeated Item  -->\n                <li class=\"ticker__item\">\n                    <img decoding=\"async\" src=\"https:\/\/yourtrubody.com\/fr-fr\/wp-content\/uploads\/sites\/12\/2023\/02\/award5_cropped.jpg\" \/>\n                <\/li>\n                            <!-- Repeated Item  -->\n                <li class=\"ticker__item\">\n                    <img decoding=\"async\" src=\"https:\/\/yourtrubody.com\/fr-fr\/wp-content\/uploads\/sites\/12\/2023\/02\/award6_cropped.jpg\" \/>\n                <\/li>\n                            <!-- Repeated Item  -->\n                <li class=\"ticker__item\">\n                    <img decoding=\"async\" src=\"https:\/\/yourtrubody.com\/fr-fr\/wp-content\/uploads\/sites\/12\/2023\/02\/award7_cropped.jpg\" \/>\n                <\/li>\n                            <!-- Repeated Item  -->\n                <li class=\"ticker__item\">\n                    <img decoding=\"async\" src=\"https:\/\/yourtrubody.com\/fr-fr\/wp-content\/uploads\/sites\/12\/2023\/02\/award8_cropped.jpg\" \/>\n                <\/li>\n                    <\/ul> <!-- Container  End -->\n\n        <button \n            class=\"reset ticker-control js-ticker-control js-tab-focus\" \n            aria-controls=\"logo-ticker\" \n            aria-label=\"pause animation\" \n            aria-pressed=\"false\">\n            <img decoding=\"async\" src=\"https:\/\/yourtrubody.com\/fr-fr\/wp-content\/themes\/yourtrubody\/images\/ionic-ios-pause.png\" class=\"pause-icon\" \/>\n            <img decoding=\"async\" src=\"https:\/\/yourtrubody.com\/fr-fr\/wp-content\/themes\/yourtrubody\/images\/ionic-ios-play.png\" class=\"play-icon\" \/>\n        <\/button>\n    <\/div> <!-- Wrapper End  --><\/div>\n\n\n\n<div class=\"wp-block-create-block-fullwidth-cta\"><div class=\"fullwidth-cta py-4 wrapper undefined\">\n<div class=\"wp-block-columns row gradient-bg py-5 px-4 mx-md-5 is-layout-flex wp-container-19 wp-block-columns-is-layout-flex\">\n<div class=\"wp-block-column col-md-12 is-layout-flow wp-block-column-is-layout-flow\">\n<div class=\"wp-block-create-block-short-heading is-style-smaller-width-heading\"><div class=\"wrapping-columns\">\n<div class=\"wp-block-columns is-layout-flex wp-container-17 wp-block-columns-is-layout-flex\">\n<div class=\"wp-block-column is-layout-flow wp-block-column-is-layout-flow\">\n<h2 class=\"wp-block-heading text-center mt-0 text-light\">Vous souhaitez d\u00e9passer vos limites ?<\/h2>\n<\/div>\n<\/div>\n<\/div><\/div>\n\n\n\n<p class=\"text-center py-3 text-light\">Passez \u00e0 l\u2019\u00e9tape suivante et voyez si truBody vous convient.<\/p>\n\n\n\n<div class=\"wp-block-create-block-button\"><div class=\"trubody-button wrapper undefined\">\n<div class=\"wp-block-button\"><a class=\"wp-block-button__link has-primary-color has-text-color wp-element-button\" href=\"https:\/\/yourtrubody.com\/fr-fr\/find-a-provider\/\">Trouver un sp\u00e9cialiste<\/a><\/div>\n<\/div><\/div>\n<\/div>\n<\/div>\n<\/div><\/div>\n\n\n\n<div class=\"wp-block-columns alignwide is-layout-flex wp-container-21 wp-block-columns-is-layout-flex\">\n<div class=\"wp-block-column is-layout-flow wp-block-column-is-layout-flow\"><div class=\"\">\n    <div class=\"row pt-4\">\n        <div class=\"col-md-6\">\n            <div class=\"safety\">\n                <div class=\"card\">\n                    <div class=\"card-header p-0 mb-2 collapsed\" data-toggle=\"collapse\" href=\"#safety\">\n                        <h6 class=\"card-title text-left\">\n                            IMPORTANT SAFETY INFORMATION                        <\/h6>\n                    <\/div>\n                    <div id=\"safety\" class=\"card-body p-0 collapse\" data-parent=\"#safety\">\n                        <p class=\"m-0 pr-2\"> <p><strong>TRUSCULPT\/TRUFLEX:<\/strong> Please review the operator\u2019s manual and treatment guidelines for the contraindications, precautions, warnings, side effects and possible adverse events associated with the truSculpt\/truFlex treatment. Results and experience may vary.<\/p>\n <\/p>\n                    <\/div>\n                <\/div>\n            <\/div>\n        <\/div>\n        <div class=\"col-md-6\">\n            <div class=\"references\">\n                <div class=\"card\">\n                    <div class=\"card-header p-0 mb-2 collapsed\" data-toggle=\"collapse\" href=\"#references\">\n                        <h6 class=\"card-title text-left\">\n                                                    <\/h6>\n                    <\/div>\n                    <div id=\"references\" class=\"card-body p-0 collapse\" data-parent=\"#references\">\n                        <p class=\"m-0 pr-2\">  <\/p>\n                    <\/div>\n                <\/div>\n            <\/div>\n        <\/div>\n    <\/div>\n<\/div><\/div>\n<\/div>\n","protected":false},"excerpt":{"rendered":"","protected":false},"author":1,"featured_media":0,"parent":0,"menu_order":0,"comment_status":"closed","ping_status":"closed","template":"","meta":{"footnotes":""},"acf":[],"_links":{"self":[{"href":"https:\/\/yourtrubody.com\/fr-fr\/wp-json\/wp\/v2\/pages\/1031"}],"collection":[{"href":"https:\/\/yourtrubody.com\/fr-fr\/wp-json\/wp\/v2\/pages"}],"about":[{"href":"https:\/\/yourtrubody.com\/fr-fr\/wp-json\/wp\/v2\/types\/page"}],"author":[{"embeddable":true,"href":"https:\/\/yourtrubody.com\/fr-fr\/wp-json\/wp\/v2\/users\/1"}],"replies":[{"embeddable":true,"href":"https:\/\/yourtrubody.com\/fr-fr\/wp-json\/wp\/v2\/comments?post=1031"}],"version-history":[{"count":5,"href":"https:\/\/yourtrubody.com\/fr-fr\/wp-json\/wp\/v2\/pages\/1031\/revisions"}],"predecessor-version":[{"id":3548,"href":"https:\/\/yourtrubody.com\/fr-fr\/wp-json\/wp\/v2\/pages\/1031\/revisions\/3548"}],"wp:attachment":[{"href":"https:\/\/yourtrubody.com\/fr-fr\/wp-json\/wp\/v2\/media?parent=1031"}],"curies":[{"name":"wp","href":"https:\/\/api.w.org\/{rel}","templated":true}]}}