{"id":207,"date":"2023-01-08T04:13:36","date_gmt":"2023-01-08T04:13:36","guid":{"rendered":"https:\/\/yourtrubody.com\/?page_id=207"},"modified":"2023-08-02T10:56:01","modified_gmt":"2023-08-02T09:56:01","slug":"faqs","status":"publish","type":"page","link":"https:\/\/yourtrubody.com\/es-es\/faqs\/","title":{"rendered":"FAQs"},"content":{"rendered":"\n<div class=\"wp-block-create-block-hero-text\"><div class=\"hero-text gradient-bg py-4 wrapper undefined\">\n<h1 class=\"wp-block-heading\">Preguntas frecuentes<\/h1>\n<\/div><\/div>\n\n\n\n<div style=\"height:35px\" aria-hidden=\"true\" class=\"wp-block-spacer\"><\/div>\n\n\n\n<div class=\"wp-block-columns alignwide is-layout-flex wp-container-2 wp-block-columns-is-layout-flex\">\n<div class=\"wp-block-column is-layout-flow wp-block-column-is-layout-flow\">\n<div class=\"accordion-container\">\n    \n        <div class=\"accordion\" id=\"trubody-accordion_6a01d1e90b575\">\n\n                            <div class=\"card\">\n                    <div class=\"card-header p-0 mb-4 collapsed\" data-toggle=\"collapse\" href=\"#faqOne\">\n                        <div class=\"indicator\">\n                            <svg xmlns=\"http:\/\/www.w3.org\/2000\/svg\" width=\"20.297\" height=\"20.297\" viewBox=\"0 0 20.297 20.297\">\n                                <g id=\"Group_4750\" data-name=\"Group 4750\" transform=\"translate(-1300.212 -45.489)\">\n                                    <line id=\"Line_51\" data-name=\"Line 51\" y2=\"24.249\" transform=\"translate(1319.072 46.927) rotate(45)\" fill=\"none\" stroke=\"#ffffff\" stroke-linecap=\"round\" stroke-width=\"2\" \/>\n                                    <line id=\"Line_52\" data-name=\"Line 52\" y1=\"0.391\" x2=\"24.249\" transform=\"translate(1301.926 46.926) rotate(45)\" fill=\"none\" stroke=\"#ffffff\" stroke-linecap=\"round\" stroke-width=\"2\" \/>\n                                <\/g>\n                            <\/svg>\n                        <\/div>\n                        <h4 class=\"card-title px-5 py-4 m-0 text-left text-light\">\n                            \u00bfSoy un buen candidato para el tratamiento truBody?                        <\/h4>\n                    <\/div>\n                    <div id=\"faqOne\" class=\"card-body p-0 collapse\" data-parent=\"#trubody-accordion_6a01d1e90b575\">\n                        <div class=\"card-body-content-container px-5 pb-5\">\n                            <p>truBody es una secuencia de tratamientos personalizados dise\u00f1ados para satisfacer las necesidades individuales y de los que se pueden beneficiar la mayor\u00eda de persona.<sup>1,2<\/sup> Durante la consulta, su m\u00e9dico analizar\u00e1 junto con usted si es buen candidato en funci\u00f3n de sus objetivos y sus antecedentes m\u00e9dicos.<\/p>\n                        <\/div>\n                    <\/div>\n                <\/div>\n\n                            <div class=\"card\">\n                    <div class=\"card-header p-0 mb-4 collapsed\" data-toggle=\"collapse\" href=\"#faqTwo\">\n                        <div class=\"indicator\">\n                            <svg xmlns=\"http:\/\/www.w3.org\/2000\/svg\" width=\"20.297\" height=\"20.297\" viewBox=\"0 0 20.297 20.297\">\n                                <g id=\"Group_4750\" data-name=\"Group 4750\" transform=\"translate(-1300.212 -45.489)\">\n                                    <line id=\"Line_51\" data-name=\"Line 51\" y2=\"24.249\" transform=\"translate(1319.072 46.927) rotate(45)\" fill=\"none\" stroke=\"#ffffff\" stroke-linecap=\"round\" stroke-width=\"2\" \/>\n                                    <line id=\"Line_52\" data-name=\"Line 52\" y1=\"0.391\" x2=\"24.249\" transform=\"translate(1301.926 46.926) rotate(45)\" fill=\"none\" stroke=\"#ffffff\" stroke-linecap=\"round\" stroke-width=\"2\" \/>\n                                <\/g>\n                            <\/svg>\n                        <\/div>\n                        <h4 class=\"card-title px-5 py-4 m-0 text-left text-light\">\n                            \u00bfCu\u00e1ntas sesiones se necesitan?                        <\/h4>\n                    <\/div>\n                    <div id=\"faqTwo\" class=\"card-body p-0 collapse\" data-parent=\"#trubody-accordion_6a01d1e90b575\">\n                        <div class=\"card-body-content-container px-5 pb-5\">\n                            <p>Habitualmente, se obtienen resultados \u00f3ptimos con una sesi\u00f3n truSculpt y 4-6 sesiones truFlex.<sup>3-6<\/sup> Puede que sea necesario repetir el tratamiento para obtener los resultados deseados.<\/p>\n                        <\/div>\n                    <\/div>\n                <\/div>\n\n                            <div class=\"card\">\n                    <div class=\"card-header p-0 mb-4 collapsed\" data-toggle=\"collapse\" href=\"#faqThree\">\n                        <div class=\"indicator\">\n                            <svg xmlns=\"http:\/\/www.w3.org\/2000\/svg\" width=\"20.297\" height=\"20.297\" viewBox=\"0 0 20.297 20.297\">\n                                <g id=\"Group_4750\" data-name=\"Group 4750\" transform=\"translate(-1300.212 -45.489)\">\n                                    <line id=\"Line_51\" data-name=\"Line 51\" y2=\"24.249\" transform=\"translate(1319.072 46.927) rotate(45)\" fill=\"none\" stroke=\"#ffffff\" stroke-linecap=\"round\" stroke-width=\"2\" \/>\n                                    <line id=\"Line_52\" data-name=\"Line 52\" y1=\"0.391\" x2=\"24.249\" transform=\"translate(1301.926 46.926) rotate(45)\" fill=\"none\" stroke=\"#ffffff\" stroke-linecap=\"round\" stroke-width=\"2\" \/>\n                                <\/g>\n                            <\/svg>\n                        <\/div>\n                        <h4 class=\"card-title px-5 py-4 m-0 text-left text-light\">\n                            \u00bfQu\u00e9 sensaci\u00f3n producen los tratamientos?                        <\/h4>\n                    <\/div>\n                    <div id=\"faqThree\" class=\"card-body p-0 collapse\" data-parent=\"#trubody-accordion_6a01d1e90b575\">\n                        <div class=\"card-body-content-container px-5 pb-5\">\n                            <p>Los tratamientos truSculpt por lo general se describen como una sensaci\u00f3n de calor que es tolerable.<sup>1<\/sup> Los tratamientos truFlex se pueden describir como una sensaci\u00f3n de contracci\u00f3n.<sup>2<\/sup><\/p>\n                        <\/div>\n                    <\/div>\n                <\/div>\n\n                            <div class=\"card\">\n                    <div class=\"card-header p-0 mb-4 collapsed\" data-toggle=\"collapse\" href=\"#faqFour\">\n                        <div class=\"indicator\">\n                            <svg xmlns=\"http:\/\/www.w3.org\/2000\/svg\" width=\"20.297\" height=\"20.297\" viewBox=\"0 0 20.297 20.297\">\n                                <g id=\"Group_4750\" data-name=\"Group 4750\" transform=\"translate(-1300.212 -45.489)\">\n                                    <line id=\"Line_51\" data-name=\"Line 51\" y2=\"24.249\" transform=\"translate(1319.072 46.927) rotate(45)\" fill=\"none\" stroke=\"#ffffff\" stroke-linecap=\"round\" stroke-width=\"2\" \/>\n                                    <line id=\"Line_52\" data-name=\"Line 52\" y1=\"0.391\" x2=\"24.249\" transform=\"translate(1301.926 46.926) rotate(45)\" fill=\"none\" stroke=\"#ffffff\" stroke-linecap=\"round\" stroke-width=\"2\" \/>\n                                <\/g>\n                            <\/svg>\n                        <\/div>\n                        <h4 class=\"card-title px-5 py-4 m-0 text-left text-light\">\n                            \u00bfCu\u00e1ndo podr\u00e9 apreciar los resultados?                        <\/h4>\n                    <\/div>\n                    <div id=\"faqFour\" class=\"card-body p-0 collapse\" data-parent=\"#trubody-accordion_6a01d1e90b575\">\n                        <div class=\"card-body-content-container px-5 pb-5\">\n                            <p>Los pacientes pueden apreciar los resultados despu\u00e9s de una sesi\u00f3n de tratamiento truBody.<sup>4,7<\/sup> A nivel individual, se observan los mejores resultados despu\u00e9s de una serie de 4-6 sesiones truFlex y 12 semanas despu\u00e9s de un tratamiento truSculpt.<sup>3-6<\/sup> Para conseguir sus objetivos personales, es posible que se requieran m\u00e1s sesiones de tratamiento.<\/p>\n                        <\/div>\n                    <\/div>\n                <\/div>\n\n                            <div class=\"card\">\n                    <div class=\"card-header p-0 mb-4 collapsed\" data-toggle=\"collapse\" href=\"#faqFive\">\n                        <div class=\"indicator\">\n                            <svg xmlns=\"http:\/\/www.w3.org\/2000\/svg\" width=\"20.297\" height=\"20.297\" viewBox=\"0 0 20.297 20.297\">\n                                <g id=\"Group_4750\" data-name=\"Group 4750\" transform=\"translate(-1300.212 -45.489)\">\n                                    <line id=\"Line_51\" data-name=\"Line 51\" y2=\"24.249\" transform=\"translate(1319.072 46.927) rotate(45)\" fill=\"none\" stroke=\"#ffffff\" stroke-linecap=\"round\" stroke-width=\"2\" \/>\n                                    <line id=\"Line_52\" data-name=\"Line 52\" y1=\"0.391\" x2=\"24.249\" transform=\"translate(1301.926 46.926) rotate(45)\" fill=\"none\" stroke=\"#ffffff\" stroke-linecap=\"round\" stroke-width=\"2\" \/>\n                                <\/g>\n                            <\/svg>\n                        <\/div>\n                        <h4 class=\"card-title px-5 py-4 m-0 text-left text-light\">\n                            \u00bfEs cierto que no conlleva tiempo de recuperaci\u00f3n?                        <\/h4>\n                    <\/div>\n                    <div id=\"faqFive\" class=\"card-body p-0 collapse\" data-parent=\"#trubody-accordion_6a01d1e90b575\">\n                        <div class=\"card-body-content-container px-5 pb-5\">\n                            <p>Los tratamientos truBody no son invasivos, no requieren tiempo de recuperaci\u00f3n y le permiten retomar inmediatamente su actividad diaria despu\u00e9s del tratamiento.<sup>1-3<\/sup> Despu\u00e9s del tratamiento truSculpt, es posible que la piel est\u00e9 enrojecida y m\u00e1s caliente de lo normal durante una hora. Con el tratamiento truFlex, es posible que tenga una sensaci\u00f3n de hormigueo durante unas cuantas horas.<sup>1,2<\/sup><\/p>\n                        <\/div>\n                    <\/div>\n                <\/div>\n\n                            <div class=\"card\">\n                    <div class=\"card-header p-0 mb-4 collapsed\" data-toggle=\"collapse\" href=\"#faqSix\">\n                        <div class=\"indicator\">\n                            <svg xmlns=\"http:\/\/www.w3.org\/2000\/svg\" width=\"20.297\" height=\"20.297\" viewBox=\"0 0 20.297 20.297\">\n                                <g id=\"Group_4750\" data-name=\"Group 4750\" transform=\"translate(-1300.212 -45.489)\">\n                                    <line id=\"Line_51\" data-name=\"Line 51\" y2=\"24.249\" transform=\"translate(1319.072 46.927) rotate(45)\" fill=\"none\" stroke=\"#ffffff\" stroke-linecap=\"round\" stroke-width=\"2\" \/>\n                                    <line id=\"Line_52\" data-name=\"Line 52\" y1=\"0.391\" x2=\"24.249\" transform=\"translate(1301.926 46.926) rotate(45)\" fill=\"none\" stroke=\"#ffffff\" stroke-linecap=\"round\" stroke-width=\"2\" \/>\n                                <\/g>\n                            <\/svg>\n                        <\/div>\n                        <h4 class=\"card-title px-5 py-4 m-0 text-left text-light\">\n                            \u00bfPuedo continuar con tratamientos truBody para conseguir resultados incluso mejores?                        <\/h4>\n                    <\/div>\n                    <div id=\"faqSix\" class=\"card-body p-0 collapse\" data-parent=\"#trubody-accordion_6a01d1e90b575\">\n                        <div class=\"card-body-content-container px-5 pb-5\">\n                            <p>\u00a1Por supuesto! Hable con su m\u00e9dico para solicitar un plan de tratamiento espec\u00edfico para lograr sus objetivos personales.<\/p>\n                        <\/div>\n                    <\/div>\n                <\/div>\n\n                    <\/div>\n    <\/div><\/div>\n<\/div>\n\n\n\n<div class=\"wp-block-columns alignwide is-layout-flex wp-container-4 wp-block-columns-is-layout-flex\">\n<div class=\"wp-block-column is-layout-flow wp-block-column-is-layout-flow\"><div class=\"\">\n    <div class=\"row pt-4\">\n        <div class=\"col-md-6\">\n            <div class=\"safety\">\n                <div class=\"card\">\n                    <div class=\"card-header p-0 mb-2 collapsed\" data-toggle=\"collapse\" href=\"#safety\">\n                        <h6 class=\"card-title text-left\">\n                            INFORMACI\u00d3N IMPORTANTE SOBRE SEGURIDAD                        <\/h6>\n                    <\/div>\n                    <div id=\"safety\" class=\"card-body p-0 collapse\" data-parent=\"#safety\">\n                        <p class=\"m-0 pr-2\"> <p><strong>TRUSCULPT\/TRUFLEX:<\/strong> Por favor, revise el manual del operador y las pautas de tratamiento para conocer las contraindicaciones, precauciones, advertencias, efectos secundarios y posibles eventos adversos asociados con el tratamiento truSculpt\/truFlex. Los resultados y la experiencia pueden variar.<\/p>\n <\/p>\n                    <\/div>\n                <\/div>\n            <\/div>\n        <\/div>\n        <div class=\"col-md-6\">\n            <div class=\"references\">\n                <div class=\"card\">\n                    <div class=\"card-header p-0 mb-2 collapsed\" data-toggle=\"collapse\" href=\"#references\">\n                        <h6 class=\"card-title text-left\">\n                            Bibliograf\u00eda                        <\/h6>\n                    <\/div>\n                    <div id=\"references\" class=\"card-body p-0 collapse\" data-parent=\"#references\">\n                        <p class=\"m-0 pr-2\"> <p><strong>1.<\/strong> Directrices cl\u00ednicas de truSculpt, Cutera, Inc.<strong> 2.<\/strong> Directrices cl\u00ednicas de truFlex, Cutera, Inc. <strong>3.<\/strong> Jesitus J. truSculpt iD Creates Customized Treatments. The Aesthetic Guide. [Informe t\u00e9cnico, Cutera, Inc.]. Septiembre\/Octubre 2018. <strong>4<\/strong>. Somenek MT, Ronan SJ, Pittman TA. Lasers Surg Med. 2021;53(3):337-343.<strong> 5.<\/strong> Ronan SJ. A Novel Bio-Electric Current Stimulation Device For Improvement Of Muscle Tone [informe t\u00e9cnico, Cutera, Inc.]. 7\/2019. <strong>6.<\/strong> Demosthenous N. Aesthetics. 2020;7(12):36-37.<strong> 7.<\/strong> Datos de archivo. Cutera, Inc.<\/p>\n <\/p>\n                    <\/div>\n                <\/div>\n            <\/div>\n        <\/div>\n    <\/div>\n<\/div><\/div>\n<\/div>\n","protected":false},"excerpt":{"rendered":"","protected":false},"author":1,"featured_media":0,"parent":0,"menu_order":0,"comment_status":"closed","ping_status":"closed","template":"fullwidth.php","meta":{"footnotes":""},"acf":[],"_links":{"self":[{"href":"https:\/\/yourtrubody.com\/es-es\/wp-json\/wp\/v2\/pages\/207"}],"collection":[{"href":"https:\/\/yourtrubody.com\/es-es\/wp-json\/wp\/v2\/pages"}],"about":[{"href":"https:\/\/yourtrubody.com\/es-es\/wp-json\/wp\/v2\/types\/page"}],"author":[{"embeddable":true,"href":"https:\/\/yourtrubody.com\/es-es\/wp-json\/wp\/v2\/users\/1"}],"replies":[{"embeddable":true,"href":"https:\/\/yourtrubody.com\/es-es\/wp-json\/wp\/v2\/comments?post=207"}],"version-history":[{"count":3,"href":"https:\/\/yourtrubody.com\/es-es\/wp-json\/wp\/v2\/pages\/207\/revisions"}],"predecessor-version":[{"id":3505,"href":"https:\/\/yourtrubody.com\/es-es\/wp-json\/wp\/v2\/pages\/207\/revisions\/3505"}],"wp:attachment":[{"href":"https:\/\/yourtrubody.com\/es-es\/wp-json\/wp\/v2\/media?parent=207"}],"curies":[{"name":"wp","href":"https:\/\/api.w.org\/{rel}","templated":true}]}}