{"id":1888,"date":"2023-02-08T23:13:05","date_gmt":"2023-02-08T23:13:05","guid":{"rendered":"https:\/\/yourtrubody.com\/?page_id=1888"},"modified":"2023-08-02T11:46:04","modified_gmt":"2023-08-02T10:46:04","slug":"faqs","status":"publish","type":"page","link":"https:\/\/yourtrubody.com\/es-es\/professionals\/faqs\/","title":{"rendered":"FAQs"},"content":{"rendered":"\n<div class=\"wp-block-create-block-hero-text\"><div class=\"hero-text gradient-bg py-4 wrapper undefined\">\n<h1 class=\"wp-block-heading\">Preguntas frecuentes<\/h1>\n<\/div><\/div>\n\n\n\n<div class=\"wp-block-columns alignwide is-layout-flex wp-container-2 wp-block-columns-is-layout-flex\">\n<div class=\"wp-block-column is-layout-flow wp-block-column-is-layout-flow\">\n<div style=\"height:50px\" aria-hidden=\"true\" class=\"wp-block-spacer\"><\/div>\n\n\n\n<div class=\"accordion-container\">\n    \n        <div class=\"accordion\" id=\"trubody-accordion_6a01db2193501\">\n\n                            <div class=\"card\">\n                    <div class=\"card-header p-0 mb-4 collapsed\" data-toggle=\"collapse\" href=\"#who-is\">\n                        <div class=\"indicator\">\n                            <svg xmlns=\"http:\/\/www.w3.org\/2000\/svg\" width=\"20.297\" height=\"20.297\" viewBox=\"0 0 20.297 20.297\">\n                                <g id=\"Group_4750\" data-name=\"Group 4750\" transform=\"translate(-1300.212 -45.489)\">\n                                    <line id=\"Line_51\" data-name=\"Line 51\" y2=\"24.249\" transform=\"translate(1319.072 46.927) rotate(45)\" fill=\"none\" stroke=\"#ffffff\" stroke-linecap=\"round\" stroke-width=\"2\" \/>\n                                    <line id=\"Line_52\" data-name=\"Line 52\" y1=\"0.391\" x2=\"24.249\" transform=\"translate(1301.926 46.926) rotate(45)\" fill=\"none\" stroke=\"#ffffff\" stroke-linecap=\"round\" stroke-width=\"2\" \/>\n                                <\/g>\n                            <\/svg>\n                        <\/div>\n                        <h4 class=\"card-title px-5 py-4 m-0 text-left text-light\">\n                            \u00bfQui\u00e9n puede utilizar truBody?                        <\/h4>\n                    <\/div>\n                    <div id=\"who-is\" class=\"card-body p-0 collapse\" data-parent=\"#trubody-accordion_6a01db2193501\">\n                        <div class=\"card-body-content-container px-5 pb-5\">\n                            <table style=\"height: 110px\" width=\"440\">\n<tbody>\n<tr>\n<td width=\"289\">truBody es un tratamiento totalmente personalizable apropiado para casi todo el mundo. Los pacientes deben tener buena salud en general y zonas localizadas susceptibles de tratamiento.<sup>1,2<\/sup><\/td>\n<\/tr>\n<\/tbody>\n<\/table>\n<p>&nbsp;<\/p>\n                        <\/div>\n                    <\/div>\n                <\/div>\n\n                            <div class=\"card\">\n                    <div class=\"card-header p-0 mb-4 collapsed\" data-toggle=\"collapse\" href=\"#how-many\">\n                        <div class=\"indicator\">\n                            <svg xmlns=\"http:\/\/www.w3.org\/2000\/svg\" width=\"20.297\" height=\"20.297\" viewBox=\"0 0 20.297 20.297\">\n                                <g id=\"Group_4750\" data-name=\"Group 4750\" transform=\"translate(-1300.212 -45.489)\">\n                                    <line id=\"Line_51\" data-name=\"Line 51\" y2=\"24.249\" transform=\"translate(1319.072 46.927) rotate(45)\" fill=\"none\" stroke=\"#ffffff\" stroke-linecap=\"round\" stroke-width=\"2\" \/>\n                                    <line id=\"Line_52\" data-name=\"Line 52\" y1=\"0.391\" x2=\"24.249\" transform=\"translate(1301.926 46.926) rotate(45)\" fill=\"none\" stroke=\"#ffffff\" stroke-linecap=\"round\" stroke-width=\"2\" \/>\n                                <\/g>\n                            <\/svg>\n                        <\/div>\n                        <h4 class=\"card-title px-5 py-4 m-0 text-left text-light\">\n                            \u00bfCu\u00e1ntas sesiones de tratamiento se deben realizar?                        <\/h4>\n                    <\/div>\n                    <div id=\"how-many\" class=\"card-body p-0 collapse\" data-parent=\"#trubody-accordion_6a01db2193501\">\n                        <div class=\"card-body-content-container px-5 pb-5\">\n                            <table style=\"height: 118px\" width=\"442\">\n<tbody>\n<tr>\n<td width=\"289\">Para la mayor\u00eda de pacientes, se recomienda una sesi\u00f3n de 15 minutos con truSculpt. Con truFlex, se recomiendan de cuatro a seis sesiones de 15 o 45 minutos de duraci\u00f3n. Tal vez se requieran tratamientos adicionales para obtener los resultados deseados de sus pacientes.<\/td>\n<\/tr>\n<\/tbody>\n<\/table>\n                        <\/div>\n                    <\/div>\n                <\/div>\n\n                            <div class=\"card\">\n                    <div class=\"card-header p-0 mb-4 collapsed\" data-toggle=\"collapse\" href=\"#will-my\">\n                        <div class=\"indicator\">\n                            <svg xmlns=\"http:\/\/www.w3.org\/2000\/svg\" width=\"20.297\" height=\"20.297\" viewBox=\"0 0 20.297 20.297\">\n                                <g id=\"Group_4750\" data-name=\"Group 4750\" transform=\"translate(-1300.212 -45.489)\">\n                                    <line id=\"Line_51\" data-name=\"Line 51\" y2=\"24.249\" transform=\"translate(1319.072 46.927) rotate(45)\" fill=\"none\" stroke=\"#ffffff\" stroke-linecap=\"round\" stroke-width=\"2\" \/>\n                                    <line id=\"Line_52\" data-name=\"Line 52\" y1=\"0.391\" x2=\"24.249\" transform=\"translate(1301.926 46.926) rotate(45)\" fill=\"none\" stroke=\"#ffffff\" stroke-linecap=\"round\" stroke-width=\"2\" \/>\n                                <\/g>\n                            <\/svg>\n                        <\/div>\n                        <h4 class=\"card-title px-5 py-4 m-0 text-left text-light\">\n                            \u00bfSentir\u00e1n dolor mis pacientes durante el procedimiento?                        <\/h4>\n                    <\/div>\n                    <div id=\"will-my\" class=\"card-body p-0 collapse\" data-parent=\"#trubody-accordion_6a01db2193501\">\n                        <div class=\"card-body-content-container px-5 pb-5\">\n                            <p>Los tratamientos con truBody son sencillos y r\u00e1pidos.<sup>1,2<\/sup> Los pacientes han dicho que los procedimientos truBody son confortables y casi indoloros.<sup>3,4<\/sup><\/p>\n                        <\/div>\n                    <\/div>\n                <\/div>\n\n                            <div class=\"card\">\n                    <div class=\"card-header p-0 mb-4 collapsed\" data-toggle=\"collapse\" href=\"#what-adverse\">\n                        <div class=\"indicator\">\n                            <svg xmlns=\"http:\/\/www.w3.org\/2000\/svg\" width=\"20.297\" height=\"20.297\" viewBox=\"0 0 20.297 20.297\">\n                                <g id=\"Group_4750\" data-name=\"Group 4750\" transform=\"translate(-1300.212 -45.489)\">\n                                    <line id=\"Line_51\" data-name=\"Line 51\" y2=\"24.249\" transform=\"translate(1319.072 46.927) rotate(45)\" fill=\"none\" stroke=\"#ffffff\" stroke-linecap=\"round\" stroke-width=\"2\" \/>\n                                    <line id=\"Line_52\" data-name=\"Line 52\" y1=\"0.391\" x2=\"24.249\" transform=\"translate(1301.926 46.926) rotate(45)\" fill=\"none\" stroke=\"#ffffff\" stroke-linecap=\"round\" stroke-width=\"2\" \/>\n                                <\/g>\n                            <\/svg>\n                        <\/div>\n                        <h4 class=\"card-title px-5 py-4 m-0 text-left text-light\">\n                            \u00bfQu\u00e9 efectos secundarios pueden experimentar mis pacientes?                        <\/h4>\n                    <\/div>\n                    <div id=\"what-adverse\" class=\"card-body p-0 collapse\" data-parent=\"#trubody-accordion_6a01db2193501\">\n                        <div class=\"card-body-content-container px-5 pb-5\">\n                            <p>Con truSculpt, la zona tratada estar\u00e1 caliente y enrojecida durante una hora como m\u00e1ximo.<sup>1<\/sup> Los pacientes pueden experimentar un ligero dolor al tacto durante unos d\u00edas.<sup>1<\/sup> Con truFlex, los pacientes pueden tener una sensaci\u00f3n de hormigueo durante unas cuantas horas o un ligero dolor o molestia muscular durante 24-72 horas.<sup>2<\/sup><\/p>\n                        <\/div>\n                    <\/div>\n                <\/div>\n\n                            <div class=\"card\">\n                    <div class=\"card-header p-0 mb-4 collapsed\" data-toggle=\"collapse\" href=\"#why-should\">\n                        <div class=\"indicator\">\n                            <svg xmlns=\"http:\/\/www.w3.org\/2000\/svg\" width=\"20.297\" height=\"20.297\" viewBox=\"0 0 20.297 20.297\">\n                                <g id=\"Group_4750\" data-name=\"Group 4750\" transform=\"translate(-1300.212 -45.489)\">\n                                    <line id=\"Line_51\" data-name=\"Line 51\" y2=\"24.249\" transform=\"translate(1319.072 46.927) rotate(45)\" fill=\"none\" stroke=\"#ffffff\" stroke-linecap=\"round\" stroke-width=\"2\" \/>\n                                    <line id=\"Line_52\" data-name=\"Line 52\" y1=\"0.391\" x2=\"24.249\" transform=\"translate(1301.926 46.926) rotate(45)\" fill=\"none\" stroke=\"#ffffff\" stroke-linecap=\"round\" stroke-width=\"2\" \/>\n                                <\/g>\n                            <\/svg>\n                        <\/div>\n                        <h4 class=\"card-title px-5 py-4 m-0 text-left text-light\">\n                            \u00bfPor qu\u00e9 deber\u00eda ofrecer truBody en mi cl\u00ednica?                        <\/h4>\n                    <\/div>\n                    <div id=\"why-should\" class=\"card-body p-0 collapse\" data-parent=\"#trubody-accordion_6a01db2193501\">\n                        <div class=\"card-body-content-container px-5 pb-5\">\n                            <p>Los tratamientos truBody se pueden realizar en apenas 30 minutos, lo que se puede traducir en una alta afluencia de pacientes y r\u00e1pida recuperaci\u00f3n de la inversi\u00f3n.<sup>1,2<\/sup> Si a eso le a\u00f1adimos el bajo coste de los consumibles y la posibilidad de delegar* en su equipo, truBody puede llevar su cl\u00ednica a un nivel superior.<\/p>\n                        <\/div>\n                    <\/div>\n                <\/div>\n\n                    <\/div>\n    <\/div><\/div>\n<\/div>\n\n\n\n<div class=\"wp-block-columns alignwide is-layout-flex wp-container-4 wp-block-columns-is-layout-flex\">\n<div class=\"wp-block-column is-layout-flow wp-block-column-is-layout-flow\">\n<p class=\"has-trubody-purple-darker-color has-text-color has-small-font-size\">*Dependiendo de las normativas regionales.<\/p>\n<\/div>\n<\/div>\n\n\n\n<div class=\"wp-block-columns alignwide is-layout-flex wp-container-6 wp-block-columns-is-layout-flex\">\n<div class=\"wp-block-column is-layout-flow wp-block-column-is-layout-flow\"><div class=\"\">\n    <div class=\"row pt-4\">\n        <div class=\"col-md-6\">\n            <div class=\"safety\">\n                <div class=\"card\">\n                    <div class=\"card-header p-0 mb-2 collapsed\" data-toggle=\"collapse\" href=\"#safety\">\n                        <h6 class=\"card-title text-left\">\n                            INFORMACI\u00d3N IMPORTANTE SOBRE SEGURIDAD                        <\/h6>\n                    <\/div>\n                    <div id=\"safety\" class=\"card-body p-0 collapse\" data-parent=\"#safety\">\n                        <p class=\"m-0 pr-2\"> <p><strong>TRUSCULPT\/TRUFLEX:<\/strong> Por favor, revise el manual del operador y las pautas de tratamiento para conocer las contraindicaciones, precauciones, advertencias, efectos secundarios y posibles eventos adversos asociados con el tratamiento truSculpt\/truFlex. Los resultados y la experiencia pueden variar.<\/p>\n <\/p>\n                    <\/div>\n                <\/div>\n            <\/div>\n        <\/div>\n        <div class=\"col-md-6\">\n            <div class=\"references\">\n                <div class=\"card\">\n                    <div class=\"card-header p-0 mb-2 collapsed\" data-toggle=\"collapse\" href=\"#references\">\n                        <h6 class=\"card-title text-left\">\n                            Bibliograf\u00eda                        <\/h6>\n                    <\/div>\n                    <div id=\"references\" class=\"card-body p-0 collapse\" data-parent=\"#references\">\n                        <p class=\"m-0 pr-2\"> <p><strong>1.<\/strong> Directrices cl\u00ednicas de truSculpt, Cutera, Inc<strong>. 2.<\/strong> Directrices cl\u00ednicas de truFlex, Cutera, Inc.<strong> 3.<\/strong> Papp CJ. Advancement in total body sculpting solutions with truBody. Disponible<br \/>\nen: https:\/\/www.theaestheticguide.com\/body-contouring\/advancement-total-body-sculpting-solutions-trubody. Consultado el 8 de junio de 2022. <strong>4.<\/strong> Datos de archivo. Cutera, Inc.<\/p>\n <\/p>\n                    <\/div>\n                <\/div>\n            <\/div>\n        <\/div>\n    <\/div>\n<\/div><\/div>\n<\/div>\n","protected":false},"excerpt":{"rendered":"<p>*Dependiendo de las normativas regionales.<\/p>\n","protected":false},"author":1,"featured_media":0,"parent":1723,"menu_order":0,"comment_status":"closed","ping_status":"closed","template":"","meta":{"footnotes":""},"acf":[],"_links":{"self":[{"href":"https:\/\/yourtrubody.com\/es-es\/wp-json\/wp\/v2\/pages\/1888"}],"collection":[{"href":"https:\/\/yourtrubody.com\/es-es\/wp-json\/wp\/v2\/pages"}],"about":[{"href":"https:\/\/yourtrubody.com\/es-es\/wp-json\/wp\/v2\/types\/page"}],"author":[{"embeddable":true,"href":"https:\/\/yourtrubody.com\/es-es\/wp-json\/wp\/v2\/users\/1"}],"replies":[{"embeddable":true,"href":"https:\/\/yourtrubody.com\/es-es\/wp-json\/wp\/v2\/comments?post=1888"}],"version-history":[{"count":6,"href":"https:\/\/yourtrubody.com\/es-es\/wp-json\/wp\/v2\/pages\/1888\/revisions"}],"predecessor-version":[{"id":3526,"href":"https:\/\/yourtrubody.com\/es-es\/wp-json\/wp\/v2\/pages\/1888\/revisions\/3526"}],"up":[{"embeddable":true,"href":"https:\/\/yourtrubody.com\/es-es\/wp-json\/wp\/v2\/pages\/1723"}],"wp:attachment":[{"href":"https:\/\/yourtrubody.com\/es-es\/wp-json\/wp\/v2\/media?parent=1888"}],"curies":[{"name":"wp","href":"https:\/\/api.w.org\/{rel}","templated":true}]}}