{"id":1884,"date":"2023-02-08T23:12:19","date_gmt":"2023-02-08T23:12:19","guid":{"rendered":"https:\/\/yourtrubody.com\/?page_id=1884"},"modified":"2023-08-02T15:43:11","modified_gmt":"2023-08-02T14:43:11","slug":"testimonials","status":"publish","type":"page","link":"https:\/\/yourtrubody.com\/es-es\/professionals\/testimonials\/","title":{"rendered":"Testimonials"},"content":{"rendered":"\n<div class=\"wp-block-create-block-hero-cover\"><div class=\"hero-cover wrapper alignwide\">\n<div class=\"wp-block-cover\"><span aria-hidden=\"true\" class=\"wp-block-cover__background has-transparent-background-color has-background-dim\"><\/span><img decoding=\"async\" loading=\"lazy\" width=\"2494\" height=\"1440\" class=\"wp-block-cover__image-background wp-image-2119\" alt=\"\" src=\"https:\/\/yourtrubody.com\/es-es\/wp-content\/uploads\/sites\/14\/2023\/02\/hcp_testimonials_hero.jpg\" data-object-fit=\"cover\" srcset=\"https:\/\/yourtrubody.com\/es-es\/wp-content\/uploads\/sites\/14\/2023\/02\/hcp_testimonials_hero.jpg 2494w, https:\/\/yourtrubody.com\/es-es\/wp-content\/uploads\/sites\/14\/2023\/02\/hcp_testimonials_hero-300x173.jpg 300w, https:\/\/yourtrubody.com\/es-es\/wp-content\/uploads\/sites\/14\/2023\/02\/hcp_testimonials_hero-1024x591.jpg 1024w, https:\/\/yourtrubody.com\/es-es\/wp-content\/uploads\/sites\/14\/2023\/02\/hcp_testimonials_hero-768x443.jpg 768w, https:\/\/yourtrubody.com\/es-es\/wp-content\/uploads\/sites\/14\/2023\/02\/hcp_testimonials_hero-1536x887.jpg 1536w, https:\/\/yourtrubody.com\/es-es\/wp-content\/uploads\/sites\/14\/2023\/02\/hcp_testimonials_hero-2048x1182.jpg 2048w\" sizes=\"(max-width: 2494px) 100vw, 2494px\" \/><div class=\"wp-block-cover__inner-container is-layout-flow wp-block-cover-is-layout-flow\">\n<p class=\"has-text-align-center has-large-font-size\">La modelo no es una paciente real.<\/p>\n<\/div><\/div>\n\n\n\n<div class=\"wp-block-create-block-hero-text\"><div class=\"hero-text gradient-bg py-4 wrapper undefined\">\n<h1 class=\"wp-block-heading\">Escuche por qu\u00e9 otras personas est\u00e1n m\u00e1s que satisfechas con truBody<\/h1>\n<\/div><\/div>\n<\/div><\/div>\n\n\n\n<div style=\"height:50px\" aria-hidden=\"true\" class=\"wp-block-spacer d-block d-md-none\"><\/div>\n\n\n\n<div style=\"height:60px\" aria-hidden=\"true\" class=\"wp-block-spacer d-none d-md-block\"><\/div>\n\n\n\n<div class=\"wp-block-create-block-short-heading alignwide is-style-small-width-heading\"><div class=\"wrapping-columns\">\n<div class=\"wp-block-columns is-layout-flex wp-container-3 wp-block-columns-is-layout-flex\">\n<div class=\"wp-block-column is-layout-flow wp-block-column-is-layout-flow\">\n<h4 class=\"wp-block-heading has-text-align-center has-trubody-purple-color has-text-color\">Dos tecnolog\u00edas transformadoras para su cl\u00ednica. Una soluci\u00f3n completa de remodelaci\u00f3n corporal para sus pacientes.<\/h4>\n<\/div>\n<\/div>\n<\/div><\/div>\n\n\n\n<div class=\"px-0 px-md-5 m-4 mx-md-3\">\n    <section class=\"slider-testimonials\">\n                    <div id=\"tns_6a01db00a6699\" class=\"tiny-slider\">\n                                    <div class=\"slide\">\n                        <div class=\"slide-content has-image\">\n                                                            <div class=\"tns-image-hldr\">\n                                    <div class=\"bg-cover\" style=\"background-image: url('https:\/\/yourtrubody.com\/es-es\/wp-content\/uploads\/sites\/14\/2023\/02\/Arash-Moradzadeh.jpg');\"><\/div>\n                                <\/div>\n                            \n                            <div class=\"tns-quote-hldr\">\n                                <blockquote class=\"tns-quote\">La combinaci\u00f3n simult\u00e1nea de reducci\u00f3n de grasa y tonificaci\u00f3n muscular es el tratamiento de remodelaci\u00f3n corporal est\u00e9tica m\u00e1s popular y demandado en mi consulta.<\/blockquote>\n                                                                    <p class=\"tns-source\">\n                                        ARASH MORADZADEH, MD                                    <\/p>\n                                                            <\/div>\n                        <\/div>                        \n                    <\/div>\n                                    <div class=\"slide\">\n                        <div class=\"slide-content has-image\">\n                                                            <div class=\"tns-image-hldr\">\n                                    <div class=\"bg-cover\" style=\"background-image: url('https:\/\/yourtrubody.com\/es-es\/wp-content\/uploads\/sites\/14\/2023\/02\/Anne-Chapas-MD.jpg');\"><\/div>\n                                <\/div>\n                            \n                            <div class=\"tns-quote-hldr\">\n                                <blockquote class=\"tns-quote\">truSculpt es una magn\u00edfica incorporaci\u00f3n para mi consulta y las soluciones de remodelaci\u00f3n corporal que ofrecemos. Mis pacientes est\u00e1n entusiasmados con lo r\u00e1pido y pr\u00e1ctico que es. Podemos tratar a m\u00e1s pacientes y m\u00e1s zonas en apenas 15 minutos<\/blockquote>\n                                                                    <p class=\"tns-source\">\n                                        Anne Chapas, MD                                    <\/p>\n                                                            <\/div>\n                        <\/div>                        \n                    <\/div>\n                                    <div class=\"slide\">\n                        <div class=\"slide-content has-image\">\n                                                            <div class=\"tns-image-hldr\">\n                                    <div class=\"bg-cover\" style=\"background-image: url('https:\/\/yourtrubody.com\/es-es\/wp-content\/uploads\/sites\/14\/2023\/02\/truSculpt-testimonial.jpg');\"><\/div>\n                                <\/div>\n                            \n                            <div class=\"tns-quote-hldr\">\n                                <blockquote class=\"tns-quote\">No tuve tiempo de recuperaci\u00f3n \u2014literalmente cero\u2014 y pude seguir con mi vida, sinti\u00e9ndome fuerte y con la confianza de saber que us\u00e9 la tecnolog\u00eda adecuada.. As\u00ed que, para las personas que deseen definir sus abdominales o lucir un trasero con m\u00e1s volumen, pero no tienen tiempo que perder, truFlex les cambiar\u00e1 la vida<\/blockquote>\n                                                                    <p class=\"tns-source\">\n                                        VIVIEN MOON                                    <\/p>\n                                                            <\/div>\n                        <\/div>                        \n                    <\/div>\n                                    <div class=\"slide\">\n                        <div class=\"slide-content has-image\">\n                                                            <div class=\"tns-image-hldr\">\n                                    <div class=\"bg-cover\" style=\"background-image: url('https:\/\/yourtrubody.com\/es-es\/wp-content\/uploads\/sites\/14\/2023\/02\/kaga-headshot.jpg');\"><\/div>\n                                <\/div>\n                            \n                            <div class=\"tns-quote-hldr\">\n                                <blockquote class=\"tns-quote\">La menor duraci\u00f3n de los tratamientos nos permite maximizar el uso diario de la m\u00e1quina y programar citas con m\u00e1s pacientes para tratamientos en un mismo d\u00eda.<\/blockquote>\n                                                                    <p class=\"tns-source\">\n                                        Mira Kaga, MD                                    <\/p>\n                                                            <\/div>\n                        <\/div>                        \n                    <\/div>\n                                    <div class=\"slide\">\n                        <div class=\"slide-content has-image\">\n                                                            <div class=\"tns-image-hldr\">\n                                    <div class=\"bg-cover\" style=\"background-image: url('https:\/\/yourtrubody.com\/es-es\/wp-content\/uploads\/sites\/14\/2023\/02\/Michael-Somenek-MD.jpg');\"><\/div>\n                                <\/div>\n                            \n                            <div class=\"tns-quote-hldr\">\n                                <blockquote class=\"tns-quote\">Considero que es una excelente incorporaci\u00f3n y mejora en cuanto a tecnolog\u00eda que verdaderamente va a revolucionar el mercado de remodelaci\u00f3n corporal, porque no se hacen concesiones en cuanto a resultados, sino que logramos resultados en menos tiempo. Solo tiene ventajas.<\/blockquote>\n                                                                    <p class=\"tns-source\">\n                                        MICHAEL SOMENEK, MD                                    <\/p>\n                                                            <\/div>\n                        <\/div>                        \n                    <\/div>\n                            <\/div>\n\n            <div id=\"tns_6a01db00a6699-controls\" class=\"tns-controls-custom\" aria-label=\"Carousel Navigation\" tabindex=\"0\">\n                <button data-controls=\"prev\" tabindex=\"-1\" aria-controls=\"tns_63e544ed407b5\">\n                    <img decoding=\"async\" \n                        class=\"tns-prev-arrow img-fluid\" \n                        src=\"https:\/\/yourtrubody.com\/es-es\/wp-content\/themes\/yourtrubody\/images\/icon-prev-next.png\" \n                        alt=\"previous arrow\" \n                    \/>\n                <\/button>\n                <button data-controls=\"next\" tabindex=\"-1\" aria-controls=\"tns_63e544ed407b5\">\n                    <img decoding=\"async\" \n                        class=\"tns-next-arrow img-fluid\" \n                        src=\"https:\/\/yourtrubody.com\/es-es\/wp-content\/themes\/yourtrubody\/images\/icon-prev-next.png\" \n                        alt=\"previous arrow\" \n                    \/>\n                <\/button>\n            <\/div>\n            <\/section>\n<\/div>\n\n\n<div class=\"wp-block-group is-layout-constrained wp-block-group-is-layout-constrained\">\n<div class=\"wp-block-create-block-short-heading alignwide pt-5\"><div class=\"wrapping-columns\">\n<div class=\"wp-block-columns is-layout-flex wp-container-5 wp-block-columns-is-layout-flex\">\n<div class=\"wp-block-column is-layout-flow wp-block-column-is-layout-flow\">\n<h2 class=\"wp-block-heading has-text-align-center has-trubody-purple-darker-color has-text-color\">\u00bfDesea ayudar a sus pacientes a superarse?<\/h2>\n<\/div>\n<\/div>\n<\/div><\/div>\n\n\n\n<div style=\"height:32px\" aria-hidden=\"true\" class=\"wp-block-spacer\"><\/div>\n\n\n\n<div class=\"wp-block-columns is-layout-flex wp-container-7 wp-block-columns-is-layout-flex\">\n<div class=\"wp-block-column m-auto is-layout-flow wp-block-column-is-layout-flow\" style=\"flex-basis:50%\">\n<h4 class=\"wp-block-heading has-text-align-center has-trubody-purple-color has-text-color\" style=\"font-size:21px\">Solicitar informaci\u00f3n<\/h4>\n\n\n\n<p class=\"has-text-align-center\">Rellene el formulario y un representante de truBody se pondr\u00e1 en contacto con usted.<\/p>\n\n\n\n<div style=\"height:25px\" aria-hidden=\"true\" class=\"wp-block-spacer\"><\/div>\n<\/div>\n<\/div>\n<\/div>\n\n\n\n<div class=\"wp-block-columns alignwide required-fields is-layout-flex wp-container-10 wp-block-columns-is-layout-flex\">\n<div class=\"wp-block-column is-layout-flow wp-block-column-is-layout-flow\" style=\"flex-basis:614px\">\n<p class=\"m-0 has-text-color\" style=\"color:#e02447\">*Campos obligatorios<\/p>\n\n\n\n<div style=\"height:18px\" aria-hidden=\"true\" class=\"wp-block-spacer\"><\/div>\n<\/div>\n<\/div>\n\n\n\n<div class=\"wp-block-columns ml-3 ml-md-0 is-layout-flex wp-container-12 wp-block-columns-is-layout-flex\">\n<div class=\"wp-block-column m-auto is-layout-flow wp-block-column-is-layout-flow\" style=\"flex-basis:614px\">\n<style>\n    .become-a-provider {\n        max-width: 614px;\n    }\n\n    @media (max-width: 768px) {\n        .become-a-provider {\n            max-width: 90vw;\n        }\n    }\n\n    .become-a-provider .mktoForm {\n        font-size: 16px !important;\n        padding: 0 !important;\n        margin: 0 auto !important;\n        margin-top: -20px !important;\n        font-family: brother-1816, sans-serif !important;\n        width: 614px !important;\n    }\n\n    @media (max-width: 768px) {\n        .become-a-provider .mktoForm {\n            width: 90vw !important;\n        }\n    }\n\n    .become-a-provider .mktoForm h1 {\n        display: none;\n    }\n\n    .become-a-provider .mktoForm input.mktoInvalid {\n        border: 2px solid #e02447 !important;\n        z-index: 10;\n    }\n\n    .become-a-provider .mktoForm input.mktoField,\n    .become-a-provider .mktoForm select.mktoField {\n        background-color: #f2f2f2 !important;\n        box-shadow: none !important;\n        padding: 1em 1.8em !important;\n        border: none;\n        width: 614px !important;\n        color: #79797c !important;\n        position: relative !important;\n        margin-bottom: 1em !important;\n        font-family: brother-1816, sans-serif !important;\n        height: 60px;\n    }\n\n    @media (max-width: 768px) {\n\n        .become-a-provider .mktoForm input.mktoField,\n        .become-a-provider .mktoForm select.mktoField {\n            width: 90vw !important;\n            margin-bottom: 0 !important;\n        }\n    }\n\n    .become-a-provider .mktoForm select.mktoField {\n        background-color: #f2f2f2 !important;\n        background-image: url(\"data:image\/svg+xml;utf8,<svg viewBox='0 0 140 140' width='20' height='20' xmlns='http:\/\/www.w3.org\/2000\/svg'><g><path d='m121.3,34.6c-1.6-1.6-4.2-1.6-5.8,0l-51,51.1-51.1-51.1c-1.6-1.6-4.2-1.6-5.8,0-1.6,1.6-1.6,4.2 0,5.8l53.9,53.9c0.8,0.8 1.8,1.2 2.9,1.2 1,0 2.1-0.4 2.9-1.2l53.9-53.9c1.7-1.6 1.7-4.2 0.1-5.8z' stroke='gray' stroke-width='8' fill='gray'\/><\/g><\/svg>\") !important;\n        background-repeat: no-repeat !important;\n        background-position-x: 96% !important;\n        background-position-y: 55% !important;\n        box-shadow: none !important;\n        border: none !important;\n        width: 614px !important;\n        color: #79797c !important;\n        position: relative !important;\n        margin-bottom: 1em !important;\n        font-family: brother-1816, sans-serif !important;\n        height: 60px;\n    }\n\n    @media (max-width: 768px) {\n        .become-a-provider .mktoForm select.mktoField {\n            width: 90vw !important;\n            margin-bottom: 0 !important;\n        }\n    }\n\n    .become-a-provider .mktoForm span.mktoButtonWrap {\n        margin-left: 0 !important;\n    }\n\n    .become-a-provider .mktoForm button.mktoButton {\n        font-size: 16px !important;\n        text-decoration: none;\n        border-radius: 0px 0px 20px 0px !important;\n        padding: 0.8em 2.5em !important;\n        border: 2px solid #6100b9 !important;\n        transition: all 0.35s !important;\n        position: relative !important;\n        background-color: #6100b9 !important;\n        color: #ffffff !important;\n        overflow: hidden !important;\n        width: fit-content !important;\n        margin-right: auto !important;\n        box-shadow: none !important;\n        text-shadow: none !important;\n    }\n\n    .become-a-provider .mktoForm button.mktoButton:hover {\n        background: #9520ff !important;\n        border-color: #9520ff !important;\n    }\n\n    @media (max-width: 768px) {\n        .become-a-provider .mktoForm button.mktoButton {\n            height: 60px;\n        }\n    }\n\n    .become-a-provider .mktoForm .mktoError .mktoErrorMsg {\n        background: #e02447 !important;\n        box-shadow: none !important;\n        border: none;\n        text-shadow: none;\n    }\n\n    .become-a-provider .mktoForm .mktoError .mktoErrorArrow {\n        background: #e02447 !important;\n        border: none !important;\n    }\n\n    .become-a-provider .mktoForm div#privPolicy {\n        color: #100145;\n        margin: 1em 0 2em 0 !important;\n    }\n\n    .become-a-provider .mktoForm div#privPolicy a {\n        color: #6100b9 !important;\n    }\n\n    .become-a-provider .mktoForm .mktoAsterix {\n        float: none;\n        position: absolute;\n        padding-left: 0;\n        left: 18px;\n        top: 20px;\n        z-index: 10;\n        padding-right: 5px;\n    }\n\n    .become-a-provider .mktoForm .mktoOffset {\n        display: none !important;\n    }\n\n    .become-a-provider .mktoGutter {\n        display: none;\n    }\n\n    .become-a-provider .mktoAsterix {\n        color: #e02447 !important;\n    }\n\n    .become-a-provider .required {\n        margin-bottom: 0;\n    }\n\n    .become-a-provider .mktoHtmlText.mktoHasWidth {\n        width: auto !important;\n    }\n<\/style>\n\n<div class=\"become-a-provider\">\n\n    <script src=\"\/\/665-IHF-390.mktoweb.com\/js\/forms2\/js\/forms2.min.js\"><\/script>\n    <form id=\"mktoForm_11121\"><\/form>\n    <script>\n        MktoForms2.loadForm(\"\/\/665-IHF-390.mktoweb.com\", \"665-IHF-390\", 11121);\n    <\/script>\n\n<\/div>\n\n\n\n<div style=\"height:50px\" aria-hidden=\"true\" class=\"wp-block-spacer\"><\/div>\n<\/div>\n<\/div>\n\n\n\n<div class=\"wp-block-columns alignwide is-layout-flex wp-container-14 wp-block-columns-is-layout-flex\">\n<div class=\"wp-block-column is-layout-flow wp-block-column-is-layout-flow\"><div class=\"\">\n    <div class=\"row pt-4\">\n        <div class=\"col-md-6\">\n            <div class=\"safety\">\n                <div class=\"card\">\n                    <div class=\"card-header p-0 mb-2 collapsed\" data-toggle=\"collapse\" href=\"#safety\">\n                        <h6 class=\"card-title text-left\">\n                            INFORMACI\u00d3N IMPORTANTE SOBRE SEGURIDAD                        <\/h6>\n                    <\/div>\n                    <div id=\"safety\" class=\"card-body p-0 collapse\" data-parent=\"#safety\">\n                        <p class=\"m-0 pr-2\"> <p><strong>TRUSCULPT\/TRUFLEX:<\/strong><\/p>\n<div class=\"group w-full text-gray-800 dark:text-gray-100 border-b border-black\/10 dark:border-gray-900\/50 bg-gray-50 dark:bg-[#444654]\">\n<div class=\"flex p-4 gap-4 text-base md:gap-6 md:max-w-2xl lg:max-w-[38rem] xl:max-w-3xl md:py-6 lg:px-0 m-auto\">\n<div class=\"relative flex w-[calc(100%-50px)] flex-col gap-1 md:gap-3 lg:w-[calc(100%-115px)]\">\n<div class=\"flex flex-grow flex-col gap-3\">\n<div class=\"min-h-[20px] flex items-start overflow-x-auto whitespace-pre-wrap break-words\">\n<div class=\"markdown prose w-full break-words dark:prose-invert light\">\n<p>Por favor, revise el manual del operador y las pautas de tratamiento para conocer las contraindicaciones, precauciones, advertencias, efectos secundarios y posibles eventos adversos asociados con el tratamiento truSculpt\/truFlex. Los resultados y la experiencia pueden variar.<\/p>\n<\/div>\n<\/div>\n<\/div>\n<div class=\"flex justify-between lg:block\">\n<div class=\"text-gray-400 flex self-end lg:self-center justify-center mt-2 gap-2 md:gap-3 lg:gap-1 lg:absolute lg:top-0 lg:translate-x-full lg:right-0 lg:mt-0 lg:pl-2 visible\"><button class=\"flex ml-auto gap-2 rounded-md p-1 hover:bg-gray-100 hover:text-gray-700 dark:text-gray-400 dark:hover:bg-gray-700 dark:hover:text-gray-200 disabled:dark:hover:text-gray-400\"><\/button><\/p>\n<div class=\"flex gap-1\"><\/div>\n<\/div>\n<\/div>\n<\/div>\n<\/div>\n<\/div>\n<div class=\"group w-full text-gray-800 dark:text-gray-100 border-b border-black\/10 dark:border-gray-900\/50 dark:bg-gray-800\">\n<div class=\"flex p-4 gap-4 text-base md:gap-6 md:max-w-2xl lg:max-w-[38rem] xl:max-w-3xl md:py-6 lg:px-0 m-auto\">\n<div class=\"flex-shrink-0 flex flex-col relative items-end\">\n<div class=\"w-[30px]\"><\/div>\n<\/div>\n<\/div>\n<\/div>\n <\/p>\n                    <\/div>\n                <\/div>\n            <\/div>\n        <\/div>\n        <div class=\"col-md-6\">\n            <div class=\"references\">\n                <div class=\"card\">\n                    <div class=\"card-header p-0 mb-2 collapsed\" data-toggle=\"collapse\" href=\"#references\">\n                        <h6 class=\"card-title text-left\">\n                                                    <\/h6>\n                    <\/div>\n                    <div id=\"references\" class=\"card-body p-0 collapse\" data-parent=\"#references\">\n                        <p class=\"m-0 pr-2\">  <\/p>\n                    <\/div>\n                <\/div>\n            <\/div>\n        <\/div>\n    <\/div>\n<\/div><\/div>\n<\/div>\n","protected":false},"excerpt":{"rendered":"","protected":false},"author":1,"featured_media":0,"parent":1723,"menu_order":0,"comment_status":"closed","ping_status":"closed","template":"","meta":{"footnotes":""},"acf":[],"_links":{"self":[{"href":"https:\/\/yourtrubody.com\/es-es\/wp-json\/wp\/v2\/pages\/1884"}],"collection":[{"href":"https:\/\/yourtrubody.com\/es-es\/wp-json\/wp\/v2\/pages"}],"about":[{"href":"https:\/\/yourtrubody.com\/es-es\/wp-json\/wp\/v2\/types\/page"}],"author":[{"embeddable":true,"href":"https:\/\/yourtrubody.com\/es-es\/wp-json\/wp\/v2\/users\/1"}],"replies":[{"embeddable":true,"href":"https:\/\/yourtrubody.com\/es-es\/wp-json\/wp\/v2\/comments?post=1884"}],"version-history":[{"count":3,"href":"https:\/\/yourtrubody.com\/es-es\/wp-json\/wp\/v2\/pages\/1884\/revisions"}],"predecessor-version":[{"id":3553,"href":"https:\/\/yourtrubody.com\/es-es\/wp-json\/wp\/v2\/pages\/1884\/revisions\/3553"}],"up":[{"embeddable":true,"href":"https:\/\/yourtrubody.com\/es-es\/wp-json\/wp\/v2\/pages\/1723"}],"wp:attachment":[{"href":"https:\/\/yourtrubody.com\/es-es\/wp-json\/wp\/v2\/media?parent=1884"}],"curies":[{"name":"wp","href":"https:\/\/api.w.org\/{rel}","templated":true}]}}